{"id":62698,"date":"2025-01-27T13:39:29","date_gmt":"2025-01-27T13:39:29","guid":{"rendered":"https:\/\/ilmoliulampar.is\/?post_type=product&#038;p=62698"},"modified":"2026-01-31T16:00:03","modified_gmt":"2026-01-31T16:00:03","slug":"eco-by-sonya-coconut-mint-body-wash-500ml","status":"publish","type":"product","link":"https:\/\/ilmoliulampar.is\/en_gb\/product\/eco-by-sonya-coconut-mint-body-wash-500ml\/","title":{"rendered":"Eco by Sonya &#8211; Coconut Mint Body Wash 500ml"},"content":{"rendered":"","protected":false},"excerpt":{"rendered":"<p>Eco By Sonya Coconut Mint sturtus\u00e1pan ilmar gu\u00f0d\u00f3mlega og er d\u00e1samlega n\u00e6randi. Me\u00f0 bl\u00f6ndu af mintu, k\u00f3kosol\u00edu og aloe vera. Hentar \u00f6llum h\u00fa\u00f0ger\u00f0um og veitir g\u00f3\u00f0an raka.<\/p>\n<p>Sturtus\u00e1pan inniheldur einungis n\u00e1tt\u00faruleg og l\u00edfr\u00e6n innihaldsefni sem hreinsa h\u00fa\u00f0ina \u00e1n \u00feess a\u00f0 \u00feurrka hana.<\/p>\n<p>500 ml<\/p>","protected":false},"featured_media":62699,"comment_status":"open","ping_status":"closed","template":"","meta":[],"product_brand":[],"product_cat":[192,129],"product_tag":[],"class_list":{"0":"post-62698","1":"product","2":"type-product","3":"status-publish","4":"has-post-thumbnail","6":"product_cat-eco-by-sonia","7":"product_cat-eco-by-sonya","9":"first","10":"instock","11":"shipping-taxable","12":"purchasable","13":"product-type-simple"},"_links":{"self":[{"href":"https:\/\/ilmoliulampar.is\/en_gb\/wp-json\/wp\/v2\/product\/62698","targetHints":{"allow":["GET"]}}],"collection":[{"href":"https:\/\/ilmoliulampar.is\/en_gb\/wp-json\/wp\/v2\/product"}],"about":[{"href":"https:\/\/ilmoliulampar.is\/en_gb\/wp-json\/wp\/v2\/types\/product"}],"replies":[{"embeddable":true,"href":"https:\/\/ilmoliulampar.is\/en_gb\/wp-json\/wp\/v2\/comments?post=62698"}],"wp:featuredmedia":[{"embeddable":true,"href":"https:\/\/ilmoliulampar.is\/en_gb\/wp-json\/wp\/v2\/media\/62699"}],"wp:attachment":[{"href":"https:\/\/ilmoliulampar.is\/en_gb\/wp-json\/wp\/v2\/media?parent=62698"}],"wp:term":[{"taxonomy":"product_brand","embeddable":true,"href":"https:\/\/ilmoliulampar.is\/en_gb\/wp-json\/wp\/v2\/product_brand?post=62698"},{"taxonomy":"product_cat","embeddable":true,"href":"https:\/\/ilmoliulampar.is\/en_gb\/wp-json\/wp\/v2\/product_cat?post=62698"},{"taxonomy":"product_tag","embeddable":true,"href":"https:\/\/ilmoliulampar.is\/en_gb\/wp-json\/wp\/v2\/product_tag?post=62698"}],"curies":[{"name":"wp","href":"https:\/\/api.w.org\/{rel}","templated":true}]}}