{"id":62847,"date":"2025-02-09T13:02:21","date_gmt":"2025-02-09T13:02:21","guid":{"rendered":"https:\/\/ilmoliulampar.is\/?post_type=product&#038;p=62847"},"modified":"2025-02-10T12:38:57","modified_gmt":"2025-02-10T12:38:57","slug":"reykjavik-distillery-landi-perfume-iceland-perfume-for-man","status":"publish","type":"product","link":"https:\/\/ilmoliulampar.is\/en_gb\/product\/reykjavik-distillery-landi-perfume-iceland-perfume-for-man\/","title":{"rendered":"Landi Perfume  \u2013  Iceland perfume for man"},"content":{"rendered":"","protected":false},"excerpt":{"rendered":"<p>LANDI er herrailmvatn hanna\u00f0 af 64\u00b0 Reykjav\u00edk Distillery sem hloti\u00f0 hefur al\u00fej\u00f3\u00f0legar vi\u00f0urkenningar fyrir h\u00f6nnun. LANDI er fram\u00farskarandi herrailmur sem inniheldur \u00farval \u00edslenskra jurta eins og einiber, bl\u00e1ber, bl\u00f3\u00f0berg og holtas\u00f3ley. \u00a0 \u00a0 \u00a0 \u00a0 \u00a0 \u00a0 \u00a0 \u00a0 Ef \u00fe\u00fa vilt \u00f3m\u00f3tst\u00e6\u00f0ilegan herrailm !!<\/p>\n<p>50 ml<\/p>","protected":false},"featured_media":62848,"comment_status":"open","ping_status":"closed","template":"","meta":[],"product_brand":[],"product_cat":[142],"product_tag":[],"class_list":{"0":"post-62847","1":"product","2":"type-product","3":"status-publish","4":"has-post-thumbnail","6":"product_cat-reykjavik-distillery","8":"first","9":"instock","10":"shipping-taxable","11":"purchasable","12":"product-type-simple"},"_links":{"self":[{"href":"https:\/\/ilmoliulampar.is\/en_gb\/wp-json\/wp\/v2\/product\/62847","targetHints":{"allow":["GET"]}}],"collection":[{"href":"https:\/\/ilmoliulampar.is\/en_gb\/wp-json\/wp\/v2\/product"}],"about":[{"href":"https:\/\/ilmoliulampar.is\/en_gb\/wp-json\/wp\/v2\/types\/product"}],"replies":[{"embeddable":true,"href":"https:\/\/ilmoliulampar.is\/en_gb\/wp-json\/wp\/v2\/comments?post=62847"}],"wp:featuredmedia":[{"embeddable":true,"href":"https:\/\/ilmoliulampar.is\/en_gb\/wp-json\/wp\/v2\/media\/62848"}],"wp:attachment":[{"href":"https:\/\/ilmoliulampar.is\/en_gb\/wp-json\/wp\/v2\/media?parent=62847"}],"wp:term":[{"taxonomy":"product_brand","embeddable":true,"href":"https:\/\/ilmoliulampar.is\/en_gb\/wp-json\/wp\/v2\/product_brand?post=62847"},{"taxonomy":"product_cat","embeddable":true,"href":"https:\/\/ilmoliulampar.is\/en_gb\/wp-json\/wp\/v2\/product_cat?post=62847"},{"taxonomy":"product_tag","embeddable":true,"href":"https:\/\/ilmoliulampar.is\/en_gb\/wp-json\/wp\/v2\/product_tag?post=62847"}],"curies":[{"name":"wp","href":"https:\/\/api.w.org\/{rel}","templated":true}]}}