{"id":62905,"date":"2025-02-17T15:06:48","date_gmt":"2025-02-17T15:06:48","guid":{"rendered":"https:\/\/ilmoliulampar.is\/?post_type=product&#038;p=62905"},"modified":"2026-01-15T15:06:36","modified_gmt":"2026-01-15T15:06:36","slug":"skohorn-stal","status":"publish","type":"product","link":"https:\/\/ilmoliulampar.is\/en_gb\/product\/skohorn-stal\/","title":{"rendered":"Sk\u00f3horn &#8211; st\u00e1l"},"content":{"rendered":"","protected":false},"excerpt":{"rendered":"<p>Mj\u00f6g gott st\u00e1l sk\u00f3horn &#8211; gott grip<br \/>\nSt\u00e6r\u00f0: 42 cm<\/p>","protected":false},"featured_media":62906,"comment_status":"open","ping_status":"closed","template":"","meta":[],"product_brand":[],"product_cat":[132,214],"product_tag":[],"class_list":{"0":"post-62905","1":"product","2":"type-product","3":"status-publish","4":"has-post-thumbnail","6":"product_cat-heimilid-2","7":"product_cat-snagar-2","9":"first","10":"instock","11":"shipping-taxable","12":"purchasable","13":"product-type-simple"},"_links":{"self":[{"href":"https:\/\/ilmoliulampar.is\/en_gb\/wp-json\/wp\/v2\/product\/62905","targetHints":{"allow":["GET"]}}],"collection":[{"href":"https:\/\/ilmoliulampar.is\/en_gb\/wp-json\/wp\/v2\/product"}],"about":[{"href":"https:\/\/ilmoliulampar.is\/en_gb\/wp-json\/wp\/v2\/types\/product"}],"replies":[{"embeddable":true,"href":"https:\/\/ilmoliulampar.is\/en_gb\/wp-json\/wp\/v2\/comments?post=62905"}],"wp:featuredmedia":[{"embeddable":true,"href":"https:\/\/ilmoliulampar.is\/en_gb\/wp-json\/wp\/v2\/media\/62906"}],"wp:attachment":[{"href":"https:\/\/ilmoliulampar.is\/en_gb\/wp-json\/wp\/v2\/media?parent=62905"}],"wp:term":[{"taxonomy":"product_brand","embeddable":true,"href":"https:\/\/ilmoliulampar.is\/en_gb\/wp-json\/wp\/v2\/product_brand?post=62905"},{"taxonomy":"product_cat","embeddable":true,"href":"https:\/\/ilmoliulampar.is\/en_gb\/wp-json\/wp\/v2\/product_cat?post=62905"},{"taxonomy":"product_tag","embeddable":true,"href":"https:\/\/ilmoliulampar.is\/en_gb\/wp-json\/wp\/v2\/product_tag?post=62905"}],"curies":[{"name":"wp","href":"https:\/\/api.w.org\/{rel}","templated":true}]}}