{"id":63049,"date":"2025-03-06T15:23:48","date_gmt":"2025-03-06T15:23:48","guid":{"rendered":"https:\/\/ilmoliulampar.is\/?post_type=product&#038;p=63049"},"modified":"2026-03-10T12:21:36","modified_gmt":"2026-03-10T12:21:36","slug":"carolina-herrera-good-girl-ilmolia","status":"publish","type":"product","link":"https:\/\/ilmoliulampar.is\/en_gb\/product\/carolina-herrera-good-girl-ilmolia\/","title":{"rendered":"GOOD GIRL &#8211; CAROLINA HERRERA"},"content":{"rendered":"","protected":false},"excerpt":{"rendered":"<h6 id=\"title\" class=\"a-size-large a-spacing-none\"><span id=\"productTitle\" class=\"a-size-large product-title-word-break\">Carolina Herrera Good Girl ilmol\u00edan lyktar alveg eins &amp; ilmvatni\u00f0 sj\u00e1lft.<br \/>\n<strong>Scent:<\/strong>\u00a0informal elegance, Bulgarian rose, jasmine sambac, orange blossom, praline, cinnamon, freshness, bergamot, lemon, comfort, sandalwood, cedarwood, cashmere, patchouli, amber notes, transparent musk.<br \/>\n<\/span>10 ml glas.<\/p>\n<p>(Ath um er a\u00f0 r\u00e6\u00f0a ilmol\u00edu, myndin er notu\u00f0 til \u00feess a\u00f0 l\u00fdsa ilminum sem \u00e1tt er vi\u00f0)<\/h6>","protected":false},"featured_media":63059,"comment_status":"open","ping_status":"closed","template":"","meta":[],"product_brand":[],"product_cat":[195,209,108],"product_tag":[],"class_list":{"0":"post-63049","1":"product","2":"type-product","3":"status-publish","4":"has-post-thumbnail","6":"product_cat-ilmoliur-oliur","7":"product_cat-nyjar-oliur-oliur","8":"product_cat-oliur","10":"first","11":"instock","12":"shipping-taxable","13":"purchasable","14":"product-type-simple"},"_links":{"self":[{"href":"https:\/\/ilmoliulampar.is\/en_gb\/wp-json\/wp\/v2\/product\/63049","targetHints":{"allow":["GET"]}}],"collection":[{"href":"https:\/\/ilmoliulampar.is\/en_gb\/wp-json\/wp\/v2\/product"}],"about":[{"href":"https:\/\/ilmoliulampar.is\/en_gb\/wp-json\/wp\/v2\/types\/product"}],"replies":[{"embeddable":true,"href":"https:\/\/ilmoliulampar.is\/en_gb\/wp-json\/wp\/v2\/comments?post=63049"}],"wp:featuredmedia":[{"embeddable":true,"href":"https:\/\/ilmoliulampar.is\/en_gb\/wp-json\/wp\/v2\/media\/63059"}],"wp:attachment":[{"href":"https:\/\/ilmoliulampar.is\/en_gb\/wp-json\/wp\/v2\/media?parent=63049"}],"wp:term":[{"taxonomy":"product_brand","embeddable":true,"href":"https:\/\/ilmoliulampar.is\/en_gb\/wp-json\/wp\/v2\/product_brand?post=63049"},{"taxonomy":"product_cat","embeddable":true,"href":"https:\/\/ilmoliulampar.is\/en_gb\/wp-json\/wp\/v2\/product_cat?post=63049"},{"taxonomy":"product_tag","embeddable":true,"href":"https:\/\/ilmoliulampar.is\/en_gb\/wp-json\/wp\/v2\/product_tag?post=63049"}],"curies":[{"name":"wp","href":"https:\/\/api.w.org\/{rel}","templated":true}]}}