{"id":63082,"date":"2025-03-11T13:32:42","date_gmt":"2025-03-11T13:32:42","guid":{"rendered":"https:\/\/ilmoliulampar.is\/?post_type=product&#038;p=63082"},"modified":"2025-03-11T13:32:42","modified_gmt":"2025-03-11T13:32:42","slug":"leonor-suspension","status":"publish","type":"product","link":"https:\/\/ilmoliulampar.is\/en_gb\/product\/leonor-suspension\/","title":{"rendered":"L\u00c9ONOR SUSPENSION"},"content":{"rendered":"","protected":false},"excerpt":{"rendered":"<p>L\u00c9ONOR SUSPENSION er blanda af mest seldu lj\u00f3sunum Grace &amp; Roxanne<br \/>\nFr\u00e1 Fr\u00f6nsku fagurkerunum Elements Light.<br \/>\nLj\u00f3sin eru handger\u00f0<\/p>\n<p>S\u00e9rp\u00f6ntun tekur 6-12 vikur<br \/>\nEndilega sendu email \u00e1 zolo@zolo.is ef \u00fe\u00fa ert me\u00f0 einhverjar spurningar<\/p>\n<div class=\"n4sEPd\">\n<div class=\"QFw9Te BLojaf\">\n<div id=\"ow10\"><\/div>\n<\/div>\n<div class=\"DVHrxd\"><\/div>\n<div class=\"UdTY9 BwTYAc leDWne\" aria-hidden=\"true\" data-location=\"1\">\n<div class=\"kO6q6e\"><\/div>\n<\/div>\n<div><\/div>\n<div class=\"ebT7ne uE8p1 sMVRZe\">\n<div class=\"F0pQVc\"><\/div>\n<\/div>\n<div class=\"FFpbKc\">\n<div class=\"xMmqsf\">\n<div><\/div>\n<div class=\"r375lc\">\n<div class=\"aJIq1d\" dir=\"ltr\" data-language-code=\"auto\" data-language-name=\"Detect language\" data-text=\"\" data-crosslingual-hint=\"undefined\" data-location=\"1\" data-enable-toggle-playback-speed=\"true\">\n<div class=\"m0Qfkd\"><\/div>\n<\/div>\n<\/div>\n<p><span class=\"ZTPlmc\" dir=\"ltr\" role=\"img\" aria-label=\"147 of 5,000 characters used\">147 \/ 5,000<\/span><\/p>\n<div class=\"nidPne\">\n<div id=\"ow20\" data-show-delay-ms=\"250\" data-append-to-body=\"true\" data-propagate-tooltip-mouseover-events=\"true\" data-anchor-corner=\"bottom-left\" data-enable-skip-handler=\"true\" data-popup-corner=\"top-left\">\n<div class=\"dig2sb\">\n<div class=\"scLCMd\">\n<div id=\"itamenu\"><\/div>\n<\/div>\n<\/div>\n<\/div>\n<\/div>\n<\/div>\n<\/div>\n<\/div>\n<div class=\"QcsUad BDJ8fb BLojaf sMVRZe hCXDsb wneUed\">\n<div class=\"usGWQd\">\n<div class=\"KkbLmb\">\n<div class=\"lRu31\" dir=\"ltr\"><span class=\"HwtZe\" lang=\"en\"><span class=\"jCAhz ChMk0b\"><span class=\"ryNqvb\">Input voltage: 220 &#8211; 240 V (Class I) Frequency: 50\/60Hz Power: 8W Base: E27 Dimmable: Yes Material: Aluminum, Metal, Glass IP: IP 20<\/span><\/span><\/span><\/div>\n<\/div>\n<\/div>\n<\/div>\n<p>&nbsp;<\/p>","protected":false},"featured_media":63086,"comment_status":"open","ping_status":"closed","template":"","meta":[],"product_brand":[],"product_cat":[268],"product_tag":[],"class_list":{"0":"post-63082","1":"product","2":"type-product","3":"status-publish","4":"has-post-thumbnail","6":"product_cat-serpontun","8":"first","9":"instock","10":"shipping-taxable","11":"purchasable","12":"product-type-simple"},"_links":{"self":[{"href":"https:\/\/ilmoliulampar.is\/en_gb\/wp-json\/wp\/v2\/product\/63082","targetHints":{"allow":["GET"]}}],"collection":[{"href":"https:\/\/ilmoliulampar.is\/en_gb\/wp-json\/wp\/v2\/product"}],"about":[{"href":"https:\/\/ilmoliulampar.is\/en_gb\/wp-json\/wp\/v2\/types\/product"}],"replies":[{"embeddable":true,"href":"https:\/\/ilmoliulampar.is\/en_gb\/wp-json\/wp\/v2\/comments?post=63082"}],"wp:featuredmedia":[{"embeddable":true,"href":"https:\/\/ilmoliulampar.is\/en_gb\/wp-json\/wp\/v2\/media\/63086"}],"wp:attachment":[{"href":"https:\/\/ilmoliulampar.is\/en_gb\/wp-json\/wp\/v2\/media?parent=63082"}],"wp:term":[{"taxonomy":"product_brand","embeddable":true,"href":"https:\/\/ilmoliulampar.is\/en_gb\/wp-json\/wp\/v2\/product_brand?post=63082"},{"taxonomy":"product_cat","embeddable":true,"href":"https:\/\/ilmoliulampar.is\/en_gb\/wp-json\/wp\/v2\/product_cat?post=63082"},{"taxonomy":"product_tag","embeddable":true,"href":"https:\/\/ilmoliulampar.is\/en_gb\/wp-json\/wp\/v2\/product_tag?post=63082"}],"curies":[{"name":"wp","href":"https:\/\/api.w.org\/{rel}","templated":true}]}}