{"id":63091,"date":"2025-03-11T14:14:54","date_gmt":"2025-03-11T14:14:54","guid":{"rendered":"https:\/\/ilmoliulampar.is\/?post_type=product&#038;p=63091"},"modified":"2025-03-11T14:15:09","modified_gmt":"2025-03-11T14:15:09","slug":"tiffany-suspension","status":"publish","type":"product","link":"https:\/\/ilmoliulampar.is\/en_gb\/product\/tiffany-suspension\/","title":{"rendered":"TIFFANY SUSPENSION"},"content":{"rendered":"","protected":false},"excerpt":{"rendered":"<h6 class=\"h1\">TIFFANY Lj\u00f3sin eru \u00f3tr\u00falega flott &amp; v\u00f6ndu\u00f0 fr\u00e1 Elements Light<br \/>\nHandger\u00f0.<br \/>\nS\u00e9rp\u00f6ntun tekur 6-12 vikur<\/h6>\n<p>Endilega sendu email \u00e1 zolo@zolo.is ef \u00fe\u00fa hefur einhverjar spurningar.<\/p>\n<h6 class=\"h1\">Source Included (integrated SMD LED)<br \/>\nNumber of lumens 1350 lm<br \/>\nColor temperature 2700\u00b0K (warm white)<br \/>\nPower (Watt) 18 W<br \/>\nMaterial Aluminum and glass<br \/>\nVoltage (Volt) 220-240 V<br \/>\nWarranty 2 years<br \/>\nProtection index (IP) IP20<br \/>\nCable length: 1.2 meters<br \/>\nDiameter 62.5 cm<br \/>\nClass I<br \/>\nFinish Pink Spinel<\/h6>\n<p>&nbsp;<\/p>","protected":false},"featured_media":63092,"comment_status":"open","ping_status":"closed","template":"","meta":[],"product_brand":[],"product_cat":[268],"product_tag":[],"class_list":{"0":"post-63091","1":"product","2":"type-product","3":"status-publish","4":"has-post-thumbnail","6":"product_cat-serpontun","8":"first","9":"instock","10":"shipping-taxable","11":"purchasable","12":"product-type-variable"},"_links":{"self":[{"href":"https:\/\/ilmoliulampar.is\/en_gb\/wp-json\/wp\/v2\/product\/63091","targetHints":{"allow":["GET"]}}],"collection":[{"href":"https:\/\/ilmoliulampar.is\/en_gb\/wp-json\/wp\/v2\/product"}],"about":[{"href":"https:\/\/ilmoliulampar.is\/en_gb\/wp-json\/wp\/v2\/types\/product"}],"replies":[{"embeddable":true,"href":"https:\/\/ilmoliulampar.is\/en_gb\/wp-json\/wp\/v2\/comments?post=63091"}],"wp:featuredmedia":[{"embeddable":true,"href":"https:\/\/ilmoliulampar.is\/en_gb\/wp-json\/wp\/v2\/media\/63092"}],"wp:attachment":[{"href":"https:\/\/ilmoliulampar.is\/en_gb\/wp-json\/wp\/v2\/media?parent=63091"}],"wp:term":[{"taxonomy":"product_brand","embeddable":true,"href":"https:\/\/ilmoliulampar.is\/en_gb\/wp-json\/wp\/v2\/product_brand?post=63091"},{"taxonomy":"product_cat","embeddable":true,"href":"https:\/\/ilmoliulampar.is\/en_gb\/wp-json\/wp\/v2\/product_cat?post=63091"},{"taxonomy":"product_tag","embeddable":true,"href":"https:\/\/ilmoliulampar.is\/en_gb\/wp-json\/wp\/v2\/product_tag?post=63091"}],"curies":[{"name":"wp","href":"https:\/\/api.w.org\/{rel}","templated":true}]}}