{"id":63106,"date":"2025-03-11T14:26:18","date_gmt":"2025-03-11T14:26:18","guid":{"rendered":"https:\/\/ilmoliulampar.is\/?post_type=product&#038;p=63106"},"modified":"2025-03-11T14:26:18","modified_gmt":"2025-03-11T14:26:18","slug":"tiffany-suspension-horizontale","status":"publish","type":"product","link":"https:\/\/ilmoliulampar.is\/en_gb\/product\/tiffany-suspension-horizontale\/","title":{"rendered":"Tiffany Suspension Horizontale"},"content":{"rendered":"","protected":false},"excerpt":{"rendered":"<div class=\"n4sEPd\">\n<div class=\"QFw9Te BLojaf\">\n<div id=\"ow10\"><\/div>\n<\/div>\n<div class=\"DVHrxd\"><\/div>\n<div class=\"UdTY9 BwTYAc leDWne\" aria-hidden=\"true\" data-location=\"1\">\n<div class=\"kO6q6e\"><\/div>\n<\/div>\n<div><\/div>\n<div class=\"ebT7ne uE8p1 sMVRZe\">\n<div class=\"F0pQVc\">Tiffany lj\u00f3sin eru \u00f3tr\u00falega flott ein og s\u00e9r.<br \/>\neinnig eru \u00feau \u00e6\u00f0isleg 2 e\u00f0a fleiri saman .<\/div>\n<div>S\u00e9rp\u00f6ntun tekur 6-12 vikur<br \/>\nEndilega sendu okkur email \u00e1 zolo@zolo.is ef \u00fe\u00fa ert me\u00f0 einhverjar spurningar.<\/div>\n<\/div>\n<div class=\"FFpbKc\">\n<div class=\"xMmqsf\">\n<div class=\"nidPne\">\n<div id=\"ow20\" data-show-delay-ms=\"250\" data-append-to-body=\"true\" data-propagate-tooltip-mouseover-events=\"true\" data-anchor-corner=\"bottom-left\" data-enable-skip-handler=\"true\" data-popup-corner=\"top-left\">\n<div class=\"dig2sb\">\n<div class=\"scLCMd\">\n<div id=\"itamenu\"><\/div>\n<\/div>\n<\/div>\n<\/div>\n<\/div>\n<\/div>\n<\/div>\n<\/div>\n<div class=\"QcsUad BDJ8fb BLojaf sMVRZe hCXDsb wneUed\">\n<div class=\"usGWQd\">\n<div class=\"KkbLmb\">\n<div class=\"lRu31\" dir=\"ltr\"><span class=\"HwtZe\" lang=\"en\"><span class=\"jCAhz ChMk0b\"><span class=\"ryNqvb\">Element Lighting Tiffany horizontal suspension, available in 4 different colors Features Materials: aluminum and glass Finishes: diamond, graphite, pink and aquamarine Sources: LED 23W 2700K Weight: 3.7 Kg Dimensions L 67 x H 9.25.<\/span><\/span> <span class=\"jCAhz\"><span class=\"ryNqvb\">cm<\/span><\/span><\/span><\/div>\n<\/div>\n<\/div>\n<\/div>","protected":false},"featured_media":63110,"comment_status":"open","ping_status":"closed","template":"","meta":[],"product_brand":[],"product_cat":[268],"product_tag":[],"class_list":{"0":"post-63106","1":"product","2":"type-product","3":"status-publish","4":"has-post-thumbnail","6":"product_cat-serpontun","8":"first","9":"instock","10":"shipping-taxable","11":"purchasable","12":"product-type-variable"},"_links":{"self":[{"href":"https:\/\/ilmoliulampar.is\/en_gb\/wp-json\/wp\/v2\/product\/63106","targetHints":{"allow":["GET"]}}],"collection":[{"href":"https:\/\/ilmoliulampar.is\/en_gb\/wp-json\/wp\/v2\/product"}],"about":[{"href":"https:\/\/ilmoliulampar.is\/en_gb\/wp-json\/wp\/v2\/types\/product"}],"replies":[{"embeddable":true,"href":"https:\/\/ilmoliulampar.is\/en_gb\/wp-json\/wp\/v2\/comments?post=63106"}],"wp:featuredmedia":[{"embeddable":true,"href":"https:\/\/ilmoliulampar.is\/en_gb\/wp-json\/wp\/v2\/media\/63110"}],"wp:attachment":[{"href":"https:\/\/ilmoliulampar.is\/en_gb\/wp-json\/wp\/v2\/media?parent=63106"}],"wp:term":[{"taxonomy":"product_brand","embeddable":true,"href":"https:\/\/ilmoliulampar.is\/en_gb\/wp-json\/wp\/v2\/product_brand?post=63106"},{"taxonomy":"product_cat","embeddable":true,"href":"https:\/\/ilmoliulampar.is\/en_gb\/wp-json\/wp\/v2\/product_cat?post=63106"},{"taxonomy":"product_tag","embeddable":true,"href":"https:\/\/ilmoliulampar.is\/en_gb\/wp-json\/wp\/v2\/product_tag?post=63106"}],"curies":[{"name":"wp","href":"https:\/\/api.w.org\/{rel}","templated":true}]}}