{"id":63118,"date":"2025-03-11T14:40:55","date_gmt":"2025-03-11T14:40:55","guid":{"rendered":"https:\/\/ilmoliulampar.is\/?post_type=product&#038;p=63118"},"modified":"2025-03-11T14:40:55","modified_gmt":"2025-03-11T14:40:55","slug":"tiffany-applique-vegg-ljos","status":"publish","type":"product","link":"https:\/\/ilmoliulampar.is\/en_gb\/product\/tiffany-applique-vegg-ljos\/","title":{"rendered":"TIFFANY APPLIQUE | VEGG LJ\u00d3S"},"content":{"rendered":"","protected":false},"excerpt":{"rendered":"<p>Tiffany vegglj\u00f3sin koma \u00ed 3 litum<\/p>\n<p>S\u00e9rp\u00f6ntun tekur 6-12 vikur<\/p>\n<p>Endilega sendu okkur email \u00e1 zolo@zolo.is ef \u00fe\u00fa hefur einhverjar spurningar.<\/p>\n<p>Materials: aluminum and glass<br \/>\nFinishes: diamond, graphite and aquamarine<br \/>\nSources: LED 18W 2700K<br \/>\nWeight: 3.6 Kg<\/p>\n<p>Dimensions<br \/>\nL 9.25 x D 13.5 x H 38 cm<\/p>","protected":false},"featured_media":63122,"comment_status":"open","ping_status":"closed","template":"","meta":[],"product_brand":[],"product_cat":[268],"product_tag":[],"class_list":{"0":"post-63118","1":"product","2":"type-product","3":"status-publish","4":"has-post-thumbnail","6":"product_cat-serpontun","8":"first","9":"instock","10":"shipping-taxable","11":"purchasable","12":"product-type-variable"},"_links":{"self":[{"href":"https:\/\/ilmoliulampar.is\/en_gb\/wp-json\/wp\/v2\/product\/63118","targetHints":{"allow":["GET"]}}],"collection":[{"href":"https:\/\/ilmoliulampar.is\/en_gb\/wp-json\/wp\/v2\/product"}],"about":[{"href":"https:\/\/ilmoliulampar.is\/en_gb\/wp-json\/wp\/v2\/types\/product"}],"replies":[{"embeddable":true,"href":"https:\/\/ilmoliulampar.is\/en_gb\/wp-json\/wp\/v2\/comments?post=63118"}],"wp:featuredmedia":[{"embeddable":true,"href":"https:\/\/ilmoliulampar.is\/en_gb\/wp-json\/wp\/v2\/media\/63122"}],"wp:attachment":[{"href":"https:\/\/ilmoliulampar.is\/en_gb\/wp-json\/wp\/v2\/media?parent=63118"}],"wp:term":[{"taxonomy":"product_brand","embeddable":true,"href":"https:\/\/ilmoliulampar.is\/en_gb\/wp-json\/wp\/v2\/product_brand?post=63118"},{"taxonomy":"product_cat","embeddable":true,"href":"https:\/\/ilmoliulampar.is\/en_gb\/wp-json\/wp\/v2\/product_cat?post=63118"},{"taxonomy":"product_tag","embeddable":true,"href":"https:\/\/ilmoliulampar.is\/en_gb\/wp-json\/wp\/v2\/product_tag?post=63118"}],"curies":[{"name":"wp","href":"https:\/\/api.w.org\/{rel}","templated":true}]}}