{"id":63129,"date":"2025-03-11T16:47:19","date_gmt":"2025-03-11T16:47:19","guid":{"rendered":"https:\/\/ilmoliulampar.is\/?post_type=product&#038;p=63129"},"modified":"2025-03-11T16:47:19","modified_gmt":"2025-03-11T16:47:19","slug":"tiffany-lampadaire-golflampi","status":"publish","type":"product","link":"https:\/\/ilmoliulampar.is\/en_gb\/product\/tiffany-lampadaire-golflampi\/","title":{"rendered":"TIFFANY LAMPADAIRE | G\u00d3LFLAMPI"},"content":{"rendered":"","protected":false},"excerpt":{"rendered":"<p>Tiffany g\u00f3lflampinn kemur i 4 litum<\/p>\n<p>S\u00e9rp\u00f6ntun tekur 6-12 vikur<br \/>\nef \u00fe\u00fa hefur einhverjar spurningar sendu okkur emal \u00e1 zolo@zolo.is<\/p>\n<p>Materials: aluminum and glass<br \/>\nFinishes: diamond, graphite, pink and aquamarine<br \/>\nSources: LED 45W 2475lm<br \/>\nWeight: 9.5 Kg<\/p>\n<p>Dimensions<br \/>\nDiam. 25 x H 149.2 cm<\/p>","protected":false},"featured_media":63130,"comment_status":"open","ping_status":"closed","template":"","meta":[],"product_brand":[],"product_cat":[268],"product_tag":[],"class_list":{"0":"post-63129","1":"product","2":"type-product","3":"status-publish","4":"has-post-thumbnail","6":"product_cat-serpontun","8":"first","9":"instock","10":"shipping-taxable","11":"purchasable","12":"product-type-variable"},"_links":{"self":[{"href":"https:\/\/ilmoliulampar.is\/en_gb\/wp-json\/wp\/v2\/product\/63129","targetHints":{"allow":["GET"]}}],"collection":[{"href":"https:\/\/ilmoliulampar.is\/en_gb\/wp-json\/wp\/v2\/product"}],"about":[{"href":"https:\/\/ilmoliulampar.is\/en_gb\/wp-json\/wp\/v2\/types\/product"}],"replies":[{"embeddable":true,"href":"https:\/\/ilmoliulampar.is\/en_gb\/wp-json\/wp\/v2\/comments?post=63129"}],"wp:featuredmedia":[{"embeddable":true,"href":"https:\/\/ilmoliulampar.is\/en_gb\/wp-json\/wp\/v2\/media\/63130"}],"wp:attachment":[{"href":"https:\/\/ilmoliulampar.is\/en_gb\/wp-json\/wp\/v2\/media?parent=63129"}],"wp:term":[{"taxonomy":"product_brand","embeddable":true,"href":"https:\/\/ilmoliulampar.is\/en_gb\/wp-json\/wp\/v2\/product_brand?post=63129"},{"taxonomy":"product_cat","embeddable":true,"href":"https:\/\/ilmoliulampar.is\/en_gb\/wp-json\/wp\/v2\/product_cat?post=63129"},{"taxonomy":"product_tag","embeddable":true,"href":"https:\/\/ilmoliulampar.is\/en_gb\/wp-json\/wp\/v2\/product_tag?post=63129"}],"curies":[{"name":"wp","href":"https:\/\/api.w.org\/{rel}","templated":true}]}}