{"id":63207,"date":"2025-03-17T15:39:11","date_gmt":"2025-03-17T15:39:11","guid":{"rendered":"https:\/\/ilmoliulampar.is\/?post_type=product&#038;p=63207"},"modified":"2026-03-10T12:21:46","modified_gmt":"2026-03-10T12:21:46","slug":"very-good-girl-ilmolia-carolina-herrera","status":"publish","type":"product","link":"https:\/\/ilmoliulampar.is\/en_gb\/product\/very-good-girl-ilmolia-carolina-herrera\/","title":{"rendered":"VERY GOOD GIRL &#8211; CAROLINA HERRERA"},"content":{"rendered":"","protected":false},"excerpt":{"rendered":"<p>Very Good Girl ilmol\u00edan er \u00e6\u00f0isleg &#8211; h\u00fan er bara eins og ilmvatni\u00f0 sj\u00e1lft<\/p>\n<p><strong>Top Notes:<\/strong> Red Currant, Lychee<\/p>\n<p><strong>Middle Notes:<\/strong> Rose, Lilly<\/p>\n<p><strong>Base Notes: <\/strong>Vanilla Bourbon, Vetiver<\/p>\n<p>(Ath. um er a\u00f0 r\u00e6\u00f0a ilmol\u00edu, myndin er notu\u00f0 til \u00feess a\u00f0 l\u00fdsa ilminum sem \u00e1tt er vi\u00f0)<\/p>","protected":false},"featured_media":63208,"comment_status":"open","ping_status":"closed","template":"","meta":[],"product_brand":[],"product_cat":[195,209,108],"product_tag":[],"class_list":{"0":"post-63207","1":"product","2":"type-product","3":"status-publish","4":"has-post-thumbnail","6":"product_cat-ilmoliur-oliur","7":"product_cat-nyjar-oliur-oliur","8":"product_cat-oliur","10":"first","11":"instock","12":"shipping-taxable","13":"purchasable","14":"product-type-simple"},"_links":{"self":[{"href":"https:\/\/ilmoliulampar.is\/en_gb\/wp-json\/wp\/v2\/product\/63207","targetHints":{"allow":["GET"]}}],"collection":[{"href":"https:\/\/ilmoliulampar.is\/en_gb\/wp-json\/wp\/v2\/product"}],"about":[{"href":"https:\/\/ilmoliulampar.is\/en_gb\/wp-json\/wp\/v2\/types\/product"}],"replies":[{"embeddable":true,"href":"https:\/\/ilmoliulampar.is\/en_gb\/wp-json\/wp\/v2\/comments?post=63207"}],"wp:featuredmedia":[{"embeddable":true,"href":"https:\/\/ilmoliulampar.is\/en_gb\/wp-json\/wp\/v2\/media\/63208"}],"wp:attachment":[{"href":"https:\/\/ilmoliulampar.is\/en_gb\/wp-json\/wp\/v2\/media?parent=63207"}],"wp:term":[{"taxonomy":"product_brand","embeddable":true,"href":"https:\/\/ilmoliulampar.is\/en_gb\/wp-json\/wp\/v2\/product_brand?post=63207"},{"taxonomy":"product_cat","embeddable":true,"href":"https:\/\/ilmoliulampar.is\/en_gb\/wp-json\/wp\/v2\/product_cat?post=63207"},{"taxonomy":"product_tag","embeddable":true,"href":"https:\/\/ilmoliulampar.is\/en_gb\/wp-json\/wp\/v2\/product_tag?post=63207"}],"curies":[{"name":"wp","href":"https:\/\/api.w.org\/{rel}","templated":true}]}}