{"id":63209,"date":"2025-03-17T15:50:47","date_gmt":"2025-03-17T15:50:47","guid":{"rendered":"https:\/\/ilmoliulampar.is\/?post_type=product&#038;p=63209"},"modified":"2026-03-11T14:00:36","modified_gmt":"2026-03-11T14:00:36","slug":"naomatic-ilmolia-naomi-campell","status":"publish","type":"product","link":"https:\/\/ilmoliulampar.is\/en_gb\/product\/naomatic-ilmolia-naomi-campell\/","title":{"rendered":"NAOMAGIC &#8211; NAOMI CAMPBELL"},"content":{"rendered":"","protected":false},"excerpt":{"rendered":"<p>Naomagic ilmol\u00edan &#8211; Naomi Campell er lj\u00fafur, einstaklega g\u00f3\u00f0ur ilmur og er bara n\u00e1kv\u00e6mlega eins og ilmvatni\u00f0 \ud83d\ude42<\/p>\n<p>Top notes are Cardamom, Violet, Bergamot, Orange and Green Leaves; middle notes are Almond, Jasmine and Lily-of-the-Valley; base notes are Vanilla, Musk, Sandalwood, Tonka Bean and Cedar.<br \/>\n10 ml glas.<\/p>\n<p>(Ath um er a\u00f0 r\u00e6\u00f0a ilmol\u00edu, myndin er notu\u00f0 til \u00feess a\u00f0 l\u00fdsa ilminum sem \u00e1tt er vi\u00f0)<\/p>\n<div class=\"fragrantica-blockquote\">\n<p>&nbsp;<\/p>\n<\/div>","protected":false},"featured_media":63210,"comment_status":"open","ping_status":"closed","template":"","meta":[],"product_brand":[],"product_cat":[195,209,108],"product_tag":[],"class_list":{"0":"post-63209","1":"product","2":"type-product","3":"status-publish","4":"has-post-thumbnail","6":"product_cat-ilmoliur-oliur","7":"product_cat-nyjar-oliur-oliur","8":"product_cat-oliur","10":"first","11":"instock","12":"shipping-taxable","13":"purchasable","14":"product-type-simple"},"_links":{"self":[{"href":"https:\/\/ilmoliulampar.is\/en_gb\/wp-json\/wp\/v2\/product\/63209","targetHints":{"allow":["GET"]}}],"collection":[{"href":"https:\/\/ilmoliulampar.is\/en_gb\/wp-json\/wp\/v2\/product"}],"about":[{"href":"https:\/\/ilmoliulampar.is\/en_gb\/wp-json\/wp\/v2\/types\/product"}],"replies":[{"embeddable":true,"href":"https:\/\/ilmoliulampar.is\/en_gb\/wp-json\/wp\/v2\/comments?post=63209"}],"wp:featuredmedia":[{"embeddable":true,"href":"https:\/\/ilmoliulampar.is\/en_gb\/wp-json\/wp\/v2\/media\/63210"}],"wp:attachment":[{"href":"https:\/\/ilmoliulampar.is\/en_gb\/wp-json\/wp\/v2\/media?parent=63209"}],"wp:term":[{"taxonomy":"product_brand","embeddable":true,"href":"https:\/\/ilmoliulampar.is\/en_gb\/wp-json\/wp\/v2\/product_brand?post=63209"},{"taxonomy":"product_cat","embeddable":true,"href":"https:\/\/ilmoliulampar.is\/en_gb\/wp-json\/wp\/v2\/product_cat?post=63209"},{"taxonomy":"product_tag","embeddable":true,"href":"https:\/\/ilmoliulampar.is\/en_gb\/wp-json\/wp\/v2\/product_tag?post=63209"}],"curies":[{"name":"wp","href":"https:\/\/api.w.org\/{rel}","templated":true}]}}