{"id":63262,"date":"2025-03-27T13:48:04","date_gmt":"2025-03-27T13:48:04","guid":{"rendered":"https:\/\/ilmoliulampar.is\/?post_type=product&#038;p=63262"},"modified":"2025-11-24T17:29:22","modified_gmt":"2025-11-24T17:29:22","slug":"keramik-krus-2-staerdir","status":"publish","type":"product","link":"https:\/\/ilmoliulampar.is\/en_gb\/product\/keramik-krus-2-staerdir\/","title":{"rendered":"Postul\u00edn kr\u00fas &#8211; 2 st\u00e6r\u00f0ir 50 % afsl\u00e1ttur"},"content":{"rendered":"","protected":false},"excerpt":{"rendered":"<p>\u00d3tr\u00falega flottar og vanda\u00f0ar kr\u00fasir me\u00f0 loki \u00far Postul\u00edni.<\/p>\n<p>Minni st\u00e6r\u00f0<br \/>\nH\u00e6\u00f0 18 cm<br \/>\nBreidd 20 cm<\/p>\n<p>St\u00e6rri<br \/>\nh\u00e6\u00f0 27 cm<br \/>\nBreidd 20 cm<\/p>","protected":false},"featured_media":64549,"comment_status":"open","ping_status":"closed","template":"","meta":[],"product_brand":[],"product_cat":[250,132,230],"product_tag":[],"class_list":{"0":"post-63262","1":"product","2":"type-product","3":"status-publish","4":"has-post-thumbnail","6":"product_cat-blomapottarvasar","7":"product_cat-heimilid-2","8":"product_cat-laekkadverd","10":"first","11":"instock","12":"sale","13":"shipping-taxable","14":"purchasable","15":"product-type-variable"},"_links":{"self":[{"href":"https:\/\/ilmoliulampar.is\/en_gb\/wp-json\/wp\/v2\/product\/63262","targetHints":{"allow":["GET"]}}],"collection":[{"href":"https:\/\/ilmoliulampar.is\/en_gb\/wp-json\/wp\/v2\/product"}],"about":[{"href":"https:\/\/ilmoliulampar.is\/en_gb\/wp-json\/wp\/v2\/types\/product"}],"replies":[{"embeddable":true,"href":"https:\/\/ilmoliulampar.is\/en_gb\/wp-json\/wp\/v2\/comments?post=63262"}],"wp:featuredmedia":[{"embeddable":true,"href":"https:\/\/ilmoliulampar.is\/en_gb\/wp-json\/wp\/v2\/media\/64549"}],"wp:attachment":[{"href":"https:\/\/ilmoliulampar.is\/en_gb\/wp-json\/wp\/v2\/media?parent=63262"}],"wp:term":[{"taxonomy":"product_brand","embeddable":true,"href":"https:\/\/ilmoliulampar.is\/en_gb\/wp-json\/wp\/v2\/product_brand?post=63262"},{"taxonomy":"product_cat","embeddable":true,"href":"https:\/\/ilmoliulampar.is\/en_gb\/wp-json\/wp\/v2\/product_cat?post=63262"},{"taxonomy":"product_tag","embeddable":true,"href":"https:\/\/ilmoliulampar.is\/en_gb\/wp-json\/wp\/v2\/product_tag?post=63262"}],"curies":[{"name":"wp","href":"https:\/\/api.w.org\/{rel}","templated":true}]}}