{"id":63278,"date":"2025-03-28T14:41:13","date_gmt":"2025-03-28T14:41:13","guid":{"rendered":"https:\/\/ilmoliulampar.is\/?post_type=product&#038;p=63278"},"modified":"2026-02-11T16:40:49","modified_gmt":"2026-02-11T16:40:49","slug":"banjara-buddah-inner-peace","status":"publish","type":"product","link":"https:\/\/ilmoliulampar.is\/en_gb\/product\/banjara-buddah-inner-peace\/","title":{"rendered":"BANJARA BUDDHA &#8211; INNER PEACE"},"content":{"rendered":"","protected":false},"excerpt":{"rendered":"<p>Blanda af kamillu og frankincense sem skapar r\u00f3andi andr\u00famsloft, dregur \u00far kv\u00ed\u00f0a og veitir \u00f6ruggt r\u00fdmi fyrir sj\u00e1lfssko\u00f0un og heilun.<\/p>\n<p>12 stk \u00ed pakka.<\/p>","protected":false},"featured_media":63273,"comment_status":"open","ping_status":"closed","template":"","meta":[],"product_brand":[],"product_cat":[271],"product_tag":[],"class_list":{"0":"post-63278","1":"product","2":"type-product","3":"status-publish","4":"has-post-thumbnail","6":"product_cat-reykelsi","8":"first","9":"instock","10":"shipping-taxable","11":"purchasable","12":"product-type-simple"},"_links":{"self":[{"href":"https:\/\/ilmoliulampar.is\/en_gb\/wp-json\/wp\/v2\/product\/63278","targetHints":{"allow":["GET"]}}],"collection":[{"href":"https:\/\/ilmoliulampar.is\/en_gb\/wp-json\/wp\/v2\/product"}],"about":[{"href":"https:\/\/ilmoliulampar.is\/en_gb\/wp-json\/wp\/v2\/types\/product"}],"replies":[{"embeddable":true,"href":"https:\/\/ilmoliulampar.is\/en_gb\/wp-json\/wp\/v2\/comments?post=63278"}],"wp:featuredmedia":[{"embeddable":true,"href":"https:\/\/ilmoliulampar.is\/en_gb\/wp-json\/wp\/v2\/media\/63273"}],"wp:attachment":[{"href":"https:\/\/ilmoliulampar.is\/en_gb\/wp-json\/wp\/v2\/media?parent=63278"}],"wp:term":[{"taxonomy":"product_brand","embeddable":true,"href":"https:\/\/ilmoliulampar.is\/en_gb\/wp-json\/wp\/v2\/product_brand?post=63278"},{"taxonomy":"product_cat","embeddable":true,"href":"https:\/\/ilmoliulampar.is\/en_gb\/wp-json\/wp\/v2\/product_cat?post=63278"},{"taxonomy":"product_tag","embeddable":true,"href":"https:\/\/ilmoliulampar.is\/en_gb\/wp-json\/wp\/v2\/product_tag?post=63278"}],"curies":[{"name":"wp","href":"https:\/\/api.w.org\/{rel}","templated":true}]}}