{"id":63280,"date":"2025-03-28T14:43:20","date_gmt":"2025-03-28T14:43:20","guid":{"rendered":"https:\/\/ilmoliulampar.is\/?post_type=product&#038;p=63280"},"modified":"2026-02-11T16:42:09","modified_gmt":"2026-02-11T16:42:09","slug":"banjara-buddah-wisdom","status":"publish","type":"product","link":"https:\/\/ilmoliulampar.is\/en_gb\/product\/banjara-buddah-wisdom\/","title":{"rendered":"BANJARA BUDDHA &#8211; WISDOM"},"content":{"rendered":"","protected":false},"excerpt":{"rendered":"<p>Blanda unnin \u00far helgum jurtum og trj\u00e1kvo\u00f0u sem \u00f6rvar hugann og hvetur til dj\u00faprar \u00edhugunar. Hl\u00fdr og jar\u00f0bundinn ilmurinn hentar vel \u00e1 stundum sem krefjast einbeitingar og inns\u00e6is.<\/p>\n<p>12 stk \u00ed pakka.<\/p>","protected":false},"featured_media":63281,"comment_status":"open","ping_status":"closed","template":"","meta":[],"product_brand":[],"product_cat":[271],"product_tag":[],"class_list":{"0":"post-63280","1":"product","2":"type-product","3":"status-publish","4":"has-post-thumbnail","6":"product_cat-reykelsi","8":"first","9":"instock","10":"shipping-taxable","11":"purchasable","12":"product-type-simple"},"_links":{"self":[{"href":"https:\/\/ilmoliulampar.is\/en_gb\/wp-json\/wp\/v2\/product\/63280","targetHints":{"allow":["GET"]}}],"collection":[{"href":"https:\/\/ilmoliulampar.is\/en_gb\/wp-json\/wp\/v2\/product"}],"about":[{"href":"https:\/\/ilmoliulampar.is\/en_gb\/wp-json\/wp\/v2\/types\/product"}],"replies":[{"embeddable":true,"href":"https:\/\/ilmoliulampar.is\/en_gb\/wp-json\/wp\/v2\/comments?post=63280"}],"wp:featuredmedia":[{"embeddable":true,"href":"https:\/\/ilmoliulampar.is\/en_gb\/wp-json\/wp\/v2\/media\/63281"}],"wp:attachment":[{"href":"https:\/\/ilmoliulampar.is\/en_gb\/wp-json\/wp\/v2\/media?parent=63280"}],"wp:term":[{"taxonomy":"product_brand","embeddable":true,"href":"https:\/\/ilmoliulampar.is\/en_gb\/wp-json\/wp\/v2\/product_brand?post=63280"},{"taxonomy":"product_cat","embeddable":true,"href":"https:\/\/ilmoliulampar.is\/en_gb\/wp-json\/wp\/v2\/product_cat?post=63280"},{"taxonomy":"product_tag","embeddable":true,"href":"https:\/\/ilmoliulampar.is\/en_gb\/wp-json\/wp\/v2\/product_tag?post=63280"}],"curies":[{"name":"wp","href":"https:\/\/api.w.org\/{rel}","templated":true}]}}