{"id":63283,"date":"2025-03-28T14:44:48","date_gmt":"2025-03-28T14:44:48","guid":{"rendered":"https:\/\/ilmoliulampar.is\/?post_type=product&#038;p=63283"},"modified":"2026-02-11T16:43:32","modified_gmt":"2026-02-11T16:43:32","slug":"banjara-buddah-meditation","status":"publish","type":"product","link":"https:\/\/ilmoliulampar.is\/en_gb\/product\/banjara-buddah-meditation\/","title":{"rendered":"BANJARA BUDDHA &#8211; MEDITATION"},"content":{"rendered":"","protected":false},"excerpt":{"rendered":"<p>Blanda sem sameinar r\u00f3andi sandalvi\u00f0 og milda bl\u00f3makeimi og skapar fri\u00f0s\u00e6lt r\u00fdmi sem hentar vel til sl\u00f6kunar og n\u00favitundar \u00ed huglei\u00f0slu.<\/p>\n<p>12 stk \u00ed pakka.<\/p>","protected":false},"featured_media":63284,"comment_status":"open","ping_status":"closed","template":"","meta":[],"product_brand":[],"product_cat":[271],"product_tag":[],"class_list":{"0":"post-63283","1":"product","2":"type-product","3":"status-publish","4":"has-post-thumbnail","6":"product_cat-reykelsi","8":"first","9":"instock","10":"shipping-taxable","11":"purchasable","12":"product-type-simple"},"_links":{"self":[{"href":"https:\/\/ilmoliulampar.is\/en_gb\/wp-json\/wp\/v2\/product\/63283","targetHints":{"allow":["GET"]}}],"collection":[{"href":"https:\/\/ilmoliulampar.is\/en_gb\/wp-json\/wp\/v2\/product"}],"about":[{"href":"https:\/\/ilmoliulampar.is\/en_gb\/wp-json\/wp\/v2\/types\/product"}],"replies":[{"embeddable":true,"href":"https:\/\/ilmoliulampar.is\/en_gb\/wp-json\/wp\/v2\/comments?post=63283"}],"wp:featuredmedia":[{"embeddable":true,"href":"https:\/\/ilmoliulampar.is\/en_gb\/wp-json\/wp\/v2\/media\/63284"}],"wp:attachment":[{"href":"https:\/\/ilmoliulampar.is\/en_gb\/wp-json\/wp\/v2\/media?parent=63283"}],"wp:term":[{"taxonomy":"product_brand","embeddable":true,"href":"https:\/\/ilmoliulampar.is\/en_gb\/wp-json\/wp\/v2\/product_brand?post=63283"},{"taxonomy":"product_cat","embeddable":true,"href":"https:\/\/ilmoliulampar.is\/en_gb\/wp-json\/wp\/v2\/product_cat?post=63283"},{"taxonomy":"product_tag","embeddable":true,"href":"https:\/\/ilmoliulampar.is\/en_gb\/wp-json\/wp\/v2\/product_tag?post=63283"}],"curies":[{"name":"wp","href":"https:\/\/api.w.org\/{rel}","templated":true}]}}