{"id":63286,"date":"2025-03-28T14:46:28","date_gmt":"2025-03-28T14:46:28","guid":{"rendered":"https:\/\/ilmoliulampar.is\/?post_type=product&#038;p=63286"},"modified":"2026-02-11T16:38:50","modified_gmt":"2026-02-11T16:38:50","slug":"banjara-buddah-harmony","status":"publish","type":"product","link":"https:\/\/ilmoliulampar.is\/en_gb\/product\/banjara-buddah-harmony\/","title":{"rendered":"BANJARA BUDDHA &#8211; HARMONY"},"content":{"rendered":"","protected":false},"excerpt":{"rendered":"<p>Blanda af jasm\u00edn, lavender og sedrusvi\u00f0i sem eflir jafnv\u00e6gi og samheldni. Fullkomin fyrir kyrr\u00f0arstundir \u00ed einr\u00fami e\u00f0a samveru sem n\u00e6rir samkennd og skilning.<\/p>\n<p>12 stk \u00ed pakka.<\/p>","protected":false},"featured_media":63287,"comment_status":"open","ping_status":"closed","template":"","meta":[],"product_brand":[],"product_cat":[271],"product_tag":[],"class_list":{"0":"post-63286","1":"product","2":"type-product","3":"status-publish","4":"has-post-thumbnail","6":"product_cat-reykelsi","8":"first","9":"instock","10":"shipping-taxable","11":"purchasable","12":"product-type-simple"},"_links":{"self":[{"href":"https:\/\/ilmoliulampar.is\/en_gb\/wp-json\/wp\/v2\/product\/63286","targetHints":{"allow":["GET"]}}],"collection":[{"href":"https:\/\/ilmoliulampar.is\/en_gb\/wp-json\/wp\/v2\/product"}],"about":[{"href":"https:\/\/ilmoliulampar.is\/en_gb\/wp-json\/wp\/v2\/types\/product"}],"replies":[{"embeddable":true,"href":"https:\/\/ilmoliulampar.is\/en_gb\/wp-json\/wp\/v2\/comments?post=63286"}],"wp:featuredmedia":[{"embeddable":true,"href":"https:\/\/ilmoliulampar.is\/en_gb\/wp-json\/wp\/v2\/media\/63287"}],"wp:attachment":[{"href":"https:\/\/ilmoliulampar.is\/en_gb\/wp-json\/wp\/v2\/media?parent=63286"}],"wp:term":[{"taxonomy":"product_brand","embeddable":true,"href":"https:\/\/ilmoliulampar.is\/en_gb\/wp-json\/wp\/v2\/product_brand?post=63286"},{"taxonomy":"product_cat","embeddable":true,"href":"https:\/\/ilmoliulampar.is\/en_gb\/wp-json\/wp\/v2\/product_cat?post=63286"},{"taxonomy":"product_tag","embeddable":true,"href":"https:\/\/ilmoliulampar.is\/en_gb\/wp-json\/wp\/v2\/product_tag?post=63286"}],"curies":[{"name":"wp","href":"https:\/\/api.w.org\/{rel}","templated":true}]}}