{"id":63289,"date":"2025-03-28T14:47:39","date_gmt":"2025-03-28T14:47:39","guid":{"rendered":"https:\/\/ilmoliulampar.is\/?post_type=product&#038;p=63289"},"modified":"2026-02-11T16:36:21","modified_gmt":"2026-02-11T16:36:21","slug":"banjara-buddah-blessing","status":"publish","type":"product","link":"https:\/\/ilmoliulampar.is\/en_gb\/product\/banjara-buddah-blessing\/","title":{"rendered":"BANJARA BUDDHA &#8211; BLESSING"},"content":{"rendered":"","protected":false},"excerpt":{"rendered":"<p data-pm-slice=\"1 1 []\">Upplyftandi me\u00f0 s\u00edtrus- og bl\u00f3makeim, \u00feessi blanda kallar fram j\u00e1kv\u00e6\u00f0a orku og er fullkomin fyrir helgisi\u00f0i, h\u00e1t\u00ed\u00f0leg tilefni og til a\u00f0 r\u00e6kta \u00feakkl\u00e6ti.<\/p>\n<p data-pm-slice=\"1 1 []\">12 stk \u00ed pakka.<\/p>","protected":false},"featured_media":63290,"comment_status":"open","ping_status":"closed","template":"","meta":[],"product_brand":[],"product_cat":[271],"product_tag":[],"class_list":{"0":"post-63289","1":"product","2":"type-product","3":"status-publish","4":"has-post-thumbnail","6":"product_cat-reykelsi","8":"first","9":"instock","10":"shipping-taxable","11":"purchasable","12":"product-type-simple"},"_links":{"self":[{"href":"https:\/\/ilmoliulampar.is\/en_gb\/wp-json\/wp\/v2\/product\/63289","targetHints":{"allow":["GET"]}}],"collection":[{"href":"https:\/\/ilmoliulampar.is\/en_gb\/wp-json\/wp\/v2\/product"}],"about":[{"href":"https:\/\/ilmoliulampar.is\/en_gb\/wp-json\/wp\/v2\/types\/product"}],"replies":[{"embeddable":true,"href":"https:\/\/ilmoliulampar.is\/en_gb\/wp-json\/wp\/v2\/comments?post=63289"}],"wp:featuredmedia":[{"embeddable":true,"href":"https:\/\/ilmoliulampar.is\/en_gb\/wp-json\/wp\/v2\/media\/63290"}],"wp:attachment":[{"href":"https:\/\/ilmoliulampar.is\/en_gb\/wp-json\/wp\/v2\/media?parent=63289"}],"wp:term":[{"taxonomy":"product_brand","embeddable":true,"href":"https:\/\/ilmoliulampar.is\/en_gb\/wp-json\/wp\/v2\/product_brand?post=63289"},{"taxonomy":"product_cat","embeddable":true,"href":"https:\/\/ilmoliulampar.is\/en_gb\/wp-json\/wp\/v2\/product_cat?post=63289"},{"taxonomy":"product_tag","embeddable":true,"href":"https:\/\/ilmoliulampar.is\/en_gb\/wp-json\/wp\/v2\/product_tag?post=63289"}],"curies":[{"name":"wp","href":"https:\/\/api.w.org\/{rel}","templated":true}]}}