{"id":63292,"date":"2025-03-28T14:49:52","date_gmt":"2025-03-28T14:49:52","guid":{"rendered":"https:\/\/ilmoliulampar.is\/?post_type=product&#038;p=63292"},"modified":"2026-02-11T16:32:34","modified_gmt":"2026-02-11T16:32:34","slug":"banjara-buddah-bliss","status":"publish","type":"product","link":"https:\/\/ilmoliulampar.is\/en_gb\/product\/banjara-buddah-bliss\/","title":{"rendered":"BANJARA BUDDHA &#8211; BLISS"},"content":{"rendered":"","protected":false},"excerpt":{"rendered":"<p>Hanna\u00f0 til a\u00f0 vekja gle\u00f0i og \u00e1n\u00e6gju me\u00f0 ferskum s\u00edtrus, sem er fullkomi\u00f0 fyrir gle\u00f0ilegar samkomur e\u00f0a einfaldlega a\u00f0 l\u00e9tta lundina \u00ed daglegu l\u00edfi.<\/p>\n<p>12 stk \u00ed pakka.<\/p>","protected":false},"featured_media":63294,"comment_status":"open","ping_status":"closed","template":"","meta":[],"product_brand":[],"product_cat":[271],"product_tag":[],"class_list":{"0":"post-63292","1":"product","2":"type-product","3":"status-publish","4":"has-post-thumbnail","6":"product_cat-reykelsi","8":"first","9":"instock","10":"shipping-taxable","11":"purchasable","12":"product-type-simple"},"_links":{"self":[{"href":"https:\/\/ilmoliulampar.is\/en_gb\/wp-json\/wp\/v2\/product\/63292","targetHints":{"allow":["GET"]}}],"collection":[{"href":"https:\/\/ilmoliulampar.is\/en_gb\/wp-json\/wp\/v2\/product"}],"about":[{"href":"https:\/\/ilmoliulampar.is\/en_gb\/wp-json\/wp\/v2\/types\/product"}],"replies":[{"embeddable":true,"href":"https:\/\/ilmoliulampar.is\/en_gb\/wp-json\/wp\/v2\/comments?post=63292"}],"wp:featuredmedia":[{"embeddable":true,"href":"https:\/\/ilmoliulampar.is\/en_gb\/wp-json\/wp\/v2\/media\/63294"}],"wp:attachment":[{"href":"https:\/\/ilmoliulampar.is\/en_gb\/wp-json\/wp\/v2\/media?parent=63292"}],"wp:term":[{"taxonomy":"product_brand","embeddable":true,"href":"https:\/\/ilmoliulampar.is\/en_gb\/wp-json\/wp\/v2\/product_brand?post=63292"},{"taxonomy":"product_cat","embeddable":true,"href":"https:\/\/ilmoliulampar.is\/en_gb\/wp-json\/wp\/v2\/product_cat?post=63292"},{"taxonomy":"product_tag","embeddable":true,"href":"https:\/\/ilmoliulampar.is\/en_gb\/wp-json\/wp\/v2\/product_tag?post=63292"}],"curies":[{"name":"wp","href":"https:\/\/api.w.org\/{rel}","templated":true}]}}