{"id":63295,"date":"2025-03-28T15:30:20","date_gmt":"2025-03-28T15:30:20","guid":{"rendered":"https:\/\/ilmoliulampar.is\/?post_type=product&#038;p=63295"},"modified":"2026-02-11T16:48:12","modified_gmt":"2026-02-11T16:48:12","slug":"satya-sai-baba-nag-champa","status":"publish","type":"product","link":"https:\/\/ilmoliulampar.is\/en_gb\/product\/satya-sai-baba-nag-champa\/","title":{"rendered":"SATYA &#8211; NAG CHAMPA"},"content":{"rendered":"","protected":false},"excerpt":{"rendered":"<p data-start=\"84\" data-end=\"280\">Nag Champa er ein vins\u00e6lasta reykelsistegund \u00ed heimi og er klass\u00edskt ilmval.<br \/>\nIlmurinn skapar r\u00f3andi og notalegt andr\u00famsloft sem hentar vel til sl\u00f6kunar, huglei\u00f0slu og j\u00f3ga, en einnig sem n\u00e1tt\u00farulegur og f\u00e1ga\u00f0ur heimilisilmur. Nag Champa er jafnframt vins\u00e6lt \u00ed andlegum ath\u00f6fnum, til hreinsunar og einbeitingar \u2013 fj\u00f6lh\u00e6fur ilmur sem hentar vi\u00f0 \u00f3l\u00edk tilefni og l\u00edfsst\u00edl.<\/p>\n<p>12 stk &#8211; 15 gr<\/p>","protected":false},"featured_media":63296,"comment_status":"open","ping_status":"closed","template":"","meta":[],"product_brand":[],"product_cat":[271],"product_tag":[],"class_list":{"0":"post-63295","1":"product","2":"type-product","3":"status-publish","4":"has-post-thumbnail","6":"product_cat-reykelsi","8":"first","9":"instock","10":"shipping-taxable","11":"purchasable","12":"product-type-simple"},"_links":{"self":[{"href":"https:\/\/ilmoliulampar.is\/en_gb\/wp-json\/wp\/v2\/product\/63295","targetHints":{"allow":["GET"]}}],"collection":[{"href":"https:\/\/ilmoliulampar.is\/en_gb\/wp-json\/wp\/v2\/product"}],"about":[{"href":"https:\/\/ilmoliulampar.is\/en_gb\/wp-json\/wp\/v2\/types\/product"}],"replies":[{"embeddable":true,"href":"https:\/\/ilmoliulampar.is\/en_gb\/wp-json\/wp\/v2\/comments?post=63295"}],"wp:featuredmedia":[{"embeddable":true,"href":"https:\/\/ilmoliulampar.is\/en_gb\/wp-json\/wp\/v2\/media\/63296"}],"wp:attachment":[{"href":"https:\/\/ilmoliulampar.is\/en_gb\/wp-json\/wp\/v2\/media?parent=63295"}],"wp:term":[{"taxonomy":"product_brand","embeddable":true,"href":"https:\/\/ilmoliulampar.is\/en_gb\/wp-json\/wp\/v2\/product_brand?post=63295"},{"taxonomy":"product_cat","embeddable":true,"href":"https:\/\/ilmoliulampar.is\/en_gb\/wp-json\/wp\/v2\/product_cat?post=63295"},{"taxonomy":"product_tag","embeddable":true,"href":"https:\/\/ilmoliulampar.is\/en_gb\/wp-json\/wp\/v2\/product_tag?post=63295"}],"curies":[{"name":"wp","href":"https:\/\/api.w.org\/{rel}","templated":true}]}}