{"id":63299,"date":"2025-03-28T15:36:02","date_gmt":"2025-03-28T15:36:02","guid":{"rendered":"https:\/\/ilmoliulampar.is\/?post_type=product&#038;p=63299"},"modified":"2026-02-11T17:28:56","modified_gmt":"2026-02-11T17:28:56","slug":"satya-arabian-night","status":"publish","type":"product","link":"https:\/\/ilmoliulampar.is\/en_gb\/product\/satya-arabian-night\/","title":{"rendered":"SATYA &#8211; ARABIAN NIGHT"},"content":{"rendered":"","protected":false},"excerpt":{"rendered":"<p data-pm-slice=\"1 1 []\">Blanda af sandalvi\u00f0, cedarvi\u00f0 og oud, me\u00f0 kryddum, amber og mj\u00fakum bl\u00f3makeim sem vekur upp dul\u00fa\u00f0ugt og r\u00f3mant\u00edskt andr\u00famsloft. R\u00edkur, jar\u00f0bundinn og r\u00f3andi ilmurinn eflir vell\u00ed\u00f0an og hentar \u00fev\u00ed fullkomlega til huglei\u00f0slu, j\u00f3ga e\u00f0a sl\u00f6kunar.<\/p>\n<p>12 stk \u00ed pakka.<\/p>","protected":false},"featured_media":63300,"comment_status":"open","ping_status":"closed","template":"","meta":[],"product_brand":[],"product_cat":[271],"product_tag":[],"class_list":{"0":"post-63299","1":"product","2":"type-product","3":"status-publish","4":"has-post-thumbnail","6":"product_cat-reykelsi","8":"first","9":"instock","10":"shipping-taxable","11":"purchasable","12":"product-type-simple"},"_links":{"self":[{"href":"https:\/\/ilmoliulampar.is\/en_gb\/wp-json\/wp\/v2\/product\/63299","targetHints":{"allow":["GET"]}}],"collection":[{"href":"https:\/\/ilmoliulampar.is\/en_gb\/wp-json\/wp\/v2\/product"}],"about":[{"href":"https:\/\/ilmoliulampar.is\/en_gb\/wp-json\/wp\/v2\/types\/product"}],"replies":[{"embeddable":true,"href":"https:\/\/ilmoliulampar.is\/en_gb\/wp-json\/wp\/v2\/comments?post=63299"}],"wp:featuredmedia":[{"embeddable":true,"href":"https:\/\/ilmoliulampar.is\/en_gb\/wp-json\/wp\/v2\/media\/63300"}],"wp:attachment":[{"href":"https:\/\/ilmoliulampar.is\/en_gb\/wp-json\/wp\/v2\/media?parent=63299"}],"wp:term":[{"taxonomy":"product_brand","embeddable":true,"href":"https:\/\/ilmoliulampar.is\/en_gb\/wp-json\/wp\/v2\/product_brand?post=63299"},{"taxonomy":"product_cat","embeddable":true,"href":"https:\/\/ilmoliulampar.is\/en_gb\/wp-json\/wp\/v2\/product_cat?post=63299"},{"taxonomy":"product_tag","embeddable":true,"href":"https:\/\/ilmoliulampar.is\/en_gb\/wp-json\/wp\/v2\/product_tag?post=63299"}],"curies":[{"name":"wp","href":"https:\/\/api.w.org\/{rel}","templated":true}]}}