{"id":63301,"date":"2025-03-28T15:37:14","date_gmt":"2025-03-28T15:37:14","guid":{"rendered":"https:\/\/ilmoliulampar.is\/?post_type=product&#038;p=63301"},"modified":"2026-02-11T17:32:37","modified_gmt":"2026-02-11T17:32:37","slug":"satya-yoga-ritual","status":"publish","type":"product","link":"https:\/\/ilmoliulampar.is\/en_gb\/product\/satya-yoga-ritual\/","title":{"rendered":"SATYA &#8211; YOGA RITUAL"},"content":{"rendered":"","protected":false},"excerpt":{"rendered":"<p data-start=\"296\" data-end=\"419\">Blanda af lavender, eucalyptus og sandalvi\u00f0 skapar mj\u00faka og \u00f6rl\u00edti\u00f0 s\u00e6ta ilmbl\u00f6du sem skapar fri\u00f0s\u00e6lt, r\u00f3andi og gott andr\u00famsloft.<br \/>\nR\u00f3andi lavender, upplyftandi eucalyptus og jar\u00f0bundinn sandalvi\u00f0ur vinna saman til a\u00f0 sty\u00f0ja vi\u00f0 huglei\u00f0slu, j\u00f3ga og sl\u00f6kun.<\/p>\n<p>12 stk \u00ed pakka.<\/p>","protected":false},"featured_media":63302,"comment_status":"open","ping_status":"closed","template":"","meta":[],"product_brand":[],"product_cat":[271],"product_tag":[],"class_list":{"0":"post-63301","1":"product","2":"type-product","3":"status-publish","4":"has-post-thumbnail","6":"product_cat-reykelsi","8":"first","9":"instock","10":"shipping-taxable","11":"purchasable","12":"product-type-simple"},"_links":{"self":[{"href":"https:\/\/ilmoliulampar.is\/en_gb\/wp-json\/wp\/v2\/product\/63301","targetHints":{"allow":["GET"]}}],"collection":[{"href":"https:\/\/ilmoliulampar.is\/en_gb\/wp-json\/wp\/v2\/product"}],"about":[{"href":"https:\/\/ilmoliulampar.is\/en_gb\/wp-json\/wp\/v2\/types\/product"}],"replies":[{"embeddable":true,"href":"https:\/\/ilmoliulampar.is\/en_gb\/wp-json\/wp\/v2\/comments?post=63301"}],"wp:featuredmedia":[{"embeddable":true,"href":"https:\/\/ilmoliulampar.is\/en_gb\/wp-json\/wp\/v2\/media\/63302"}],"wp:attachment":[{"href":"https:\/\/ilmoliulampar.is\/en_gb\/wp-json\/wp\/v2\/media?parent=63301"}],"wp:term":[{"taxonomy":"product_brand","embeddable":true,"href":"https:\/\/ilmoliulampar.is\/en_gb\/wp-json\/wp\/v2\/product_brand?post=63301"},{"taxonomy":"product_cat","embeddable":true,"href":"https:\/\/ilmoliulampar.is\/en_gb\/wp-json\/wp\/v2\/product_cat?post=63301"},{"taxonomy":"product_tag","embeddable":true,"href":"https:\/\/ilmoliulampar.is\/en_gb\/wp-json\/wp\/v2\/product_tag?post=63301"}],"curies":[{"name":"wp","href":"https:\/\/api.w.org\/{rel}","templated":true}]}}