{"id":63341,"date":"2026-03-01T11:17:21","date_gmt":"2026-03-01T11:17:21","guid":{"rendered":"https:\/\/ilmoliulampar.is\/?post_type=product&#038;p=63341"},"modified":"2026-03-25T15:50:28","modified_gmt":"2026-03-25T15:50:28","slug":"pafagaukur-a-standi-3-typur-120-cm","status":"publish","type":"product","link":"https:\/\/ilmoliulampar.is\/en_gb\/product\/pafagaukur-a-standi-3-typur-120-cm\/","title":{"rendered":"P\u00e1fagaukur \u00e1 standi &#8211; 3 t\u00fdpur 120 cm"},"content":{"rendered":"","protected":false},"excerpt":{"rendered":"<p>\u00d3tr\u00falega flottir og vanda\u00f0ir gylltir p\u00e1fagaukar me\u00f0 sv\u00f6rtum gogg \u00e1 sv\u00f6rtum standi .<\/p>\n<p>Minnsti er 117 cm \u00e1 h\u00e6\u00f0<br \/>\nMi\u00f0jan 119 cm \u00e1 h\u00e6\u00f0<br \/>\nSt\u00f3r 2x p\u00e1fagaukar &amp; einn Toucan 129 cm \u00e1 h\u00e6\u00f0<\/p>","protected":false},"featured_media":67906,"comment_status":"open","ping_status":"closed","template":"","meta":[],"product_brand":[],"product_cat":[132,251],"product_tag":[],"class_list":{"0":"post-63341","1":"product","2":"type-product","3":"status-publish","4":"has-post-thumbnail","6":"product_cat-heimilid-2","7":"product_cat-stytturogskulpturar","9":"first","10":"instock","11":"shipping-taxable","12":"purchasable","13":"product-type-variable"},"_links":{"self":[{"href":"https:\/\/ilmoliulampar.is\/en_gb\/wp-json\/wp\/v2\/product\/63341","targetHints":{"allow":["GET"]}}],"collection":[{"href":"https:\/\/ilmoliulampar.is\/en_gb\/wp-json\/wp\/v2\/product"}],"about":[{"href":"https:\/\/ilmoliulampar.is\/en_gb\/wp-json\/wp\/v2\/types\/product"}],"replies":[{"embeddable":true,"href":"https:\/\/ilmoliulampar.is\/en_gb\/wp-json\/wp\/v2\/comments?post=63341"}],"wp:featuredmedia":[{"embeddable":true,"href":"https:\/\/ilmoliulampar.is\/en_gb\/wp-json\/wp\/v2\/media\/67906"}],"wp:attachment":[{"href":"https:\/\/ilmoliulampar.is\/en_gb\/wp-json\/wp\/v2\/media?parent=63341"}],"wp:term":[{"taxonomy":"product_brand","embeddable":true,"href":"https:\/\/ilmoliulampar.is\/en_gb\/wp-json\/wp\/v2\/product_brand?post=63341"},{"taxonomy":"product_cat","embeddable":true,"href":"https:\/\/ilmoliulampar.is\/en_gb\/wp-json\/wp\/v2\/product_cat?post=63341"},{"taxonomy":"product_tag","embeddable":true,"href":"https:\/\/ilmoliulampar.is\/en_gb\/wp-json\/wp\/v2\/product_tag?post=63341"}],"curies":[{"name":"wp","href":"https:\/\/api.w.org\/{rel}","templated":true}]}}