{"id":63367,"date":"2025-03-31T15:12:55","date_gmt":"2025-03-31T15:12:55","guid":{"rendered":"https:\/\/ilmoliulampar.is\/?post_type=product&#038;p=63367"},"modified":"2026-01-29T16:49:50","modified_gmt":"2026-01-29T16:49:50","slug":"glasabakkar-4-typur","status":"publish","type":"product","link":"https:\/\/ilmoliulampar.is\/en_gb\/product\/glasabakkar-4-typur\/","title":{"rendered":"Glasamottur &#8211; 4 t\u00fdpur"},"content":{"rendered":"","protected":false},"excerpt":{"rendered":"<p>Fallegar og g\u00f3\u00f0ar glasamottur me\u00f0 standi. \u00de\u00e6r koma \u00ed 4 t\u00fdpum og 4 stk \u00ed hverjum.<\/p>\n<p>11 cm \u00feverm\u00e1l<\/p>","protected":false},"featured_media":63372,"comment_status":"open","ping_status":"closed","template":"","meta":[],"product_brand":[],"product_cat":[248,132],"product_tag":[],"class_list":{"0":"post-63367","1":"product","2":"type-product","3":"status-publish","4":"has-post-thumbnail","6":"product_cat-bakkarogglasamottur","7":"product_cat-heimilid-2","9":"first","10":"instock","11":"shipping-taxable","12":"purchasable","13":"product-type-variable"},"_links":{"self":[{"href":"https:\/\/ilmoliulampar.is\/en_gb\/wp-json\/wp\/v2\/product\/63367","targetHints":{"allow":["GET"]}}],"collection":[{"href":"https:\/\/ilmoliulampar.is\/en_gb\/wp-json\/wp\/v2\/product"}],"about":[{"href":"https:\/\/ilmoliulampar.is\/en_gb\/wp-json\/wp\/v2\/types\/product"}],"replies":[{"embeddable":true,"href":"https:\/\/ilmoliulampar.is\/en_gb\/wp-json\/wp\/v2\/comments?post=63367"}],"wp:featuredmedia":[{"embeddable":true,"href":"https:\/\/ilmoliulampar.is\/en_gb\/wp-json\/wp\/v2\/media\/63372"}],"wp:attachment":[{"href":"https:\/\/ilmoliulampar.is\/en_gb\/wp-json\/wp\/v2\/media?parent=63367"}],"wp:term":[{"taxonomy":"product_brand","embeddable":true,"href":"https:\/\/ilmoliulampar.is\/en_gb\/wp-json\/wp\/v2\/product_brand?post=63367"},{"taxonomy":"product_cat","embeddable":true,"href":"https:\/\/ilmoliulampar.is\/en_gb\/wp-json\/wp\/v2\/product_cat?post=63367"},{"taxonomy":"product_tag","embeddable":true,"href":"https:\/\/ilmoliulampar.is\/en_gb\/wp-json\/wp\/v2\/product_tag?post=63367"}],"curies":[{"name":"wp","href":"https:\/\/api.w.org\/{rel}","templated":true}]}}