{"id":63410,"date":"2026-02-02T14:12:12","date_gmt":"2026-02-02T14:12:12","guid":{"rendered":"https:\/\/ilmoliulampar.is\/?post_type=product&#038;p=63410"},"modified":"2026-03-25T16:36:28","modified_gmt":"2026-03-25T16:36:28","slug":"kertastjaki-5-arma","status":"publish","type":"product","link":"https:\/\/ilmoliulampar.is\/en_gb\/product\/kertastjaki-5-arma\/","title":{"rendered":"Kertastjaki &#8211; 5 arma"},"content":{"rendered":"","protected":false},"excerpt":{"rendered":"<p>\u00d3tr\u00falega flottur og veglegur bakki \u00far j\u00e1rni matt svartur<\/p>\n<p>St\u00e6r\u00f0 36 x 36 x 40 cm<\/p>\n<p>Fr\u00e1 Fancy Collection<\/p>\n<h2 class=\"m-0\"><\/h2>","protected":false},"featured_media":67911,"comment_status":"open","ping_status":"closed","template":"","meta":[],"product_brand":[],"product_cat":[117,132,246,230,113],"product_tag":[],"class_list":{"0":"post-63410","1":"product","2":"type-product","3":"status-publish","4":"has-post-thumbnail","6":"product_cat-black-friday","7":"product_cat-heimilid-2","8":"product_cat-kertastjakar","9":"product_cat-laekkadverd","10":"product_cat-utsala","12":"first","13":"instock","14":"sale","15":"shipping-taxable","16":"purchasable","17":"product-type-simple"},"_links":{"self":[{"href":"https:\/\/ilmoliulampar.is\/en_gb\/wp-json\/wp\/v2\/product\/63410","targetHints":{"allow":["GET"]}}],"collection":[{"href":"https:\/\/ilmoliulampar.is\/en_gb\/wp-json\/wp\/v2\/product"}],"about":[{"href":"https:\/\/ilmoliulampar.is\/en_gb\/wp-json\/wp\/v2\/types\/product"}],"replies":[{"embeddable":true,"href":"https:\/\/ilmoliulampar.is\/en_gb\/wp-json\/wp\/v2\/comments?post=63410"}],"wp:featuredmedia":[{"embeddable":true,"href":"https:\/\/ilmoliulampar.is\/en_gb\/wp-json\/wp\/v2\/media\/67911"}],"wp:attachment":[{"href":"https:\/\/ilmoliulampar.is\/en_gb\/wp-json\/wp\/v2\/media?parent=63410"}],"wp:term":[{"taxonomy":"product_brand","embeddable":true,"href":"https:\/\/ilmoliulampar.is\/en_gb\/wp-json\/wp\/v2\/product_brand?post=63410"},{"taxonomy":"product_cat","embeddable":true,"href":"https:\/\/ilmoliulampar.is\/en_gb\/wp-json\/wp\/v2\/product_cat?post=63410"},{"taxonomy":"product_tag","embeddable":true,"href":"https:\/\/ilmoliulampar.is\/en_gb\/wp-json\/wp\/v2\/product_tag?post=63410"}],"curies":[{"name":"wp","href":"https:\/\/api.w.org\/{rel}","templated":true}]}}