{"id":63417,"date":"2025-04-03T11:04:28","date_gmt":"2025-04-03T11:04:28","guid":{"rendered":"https:\/\/ilmoliulampar.is\/?post_type=product&#038;p=63417"},"modified":"2025-04-03T11:04:40","modified_gmt":"2025-04-03T11:04:40","slug":"palmatre-kare-designe","status":"publish","type":"product","link":"https:\/\/ilmoliulampar.is\/en_gb\/product\/palmatre-kare-designe\/","title":{"rendered":"P\u00e1lmatr\u00e9 &#8211; Kare Design"},"content":{"rendered":"","protected":false},"excerpt":{"rendered":"<p>\u00d3tr\u00falega flott og vanda\u00f0 P\u00e1lmatr\u00e9 fr\u00e1 KARE design.<\/p>\n<p>St\u00e6r\u00f0<br \/>\nH\u00e6\u00f0 190 cm<br \/>\nBreidd 45 cm<\/p>\n<p>6,5 KG<\/p>","protected":false},"featured_media":63419,"comment_status":"open","ping_status":"closed","template":"","meta":[],"product_brand":[],"product_cat":[228],"product_tag":[],"class_list":{"0":"post-63417","1":"product","2":"type-product","3":"status-publish","4":"has-post-thumbnail","6":"product_cat-gerviplontur","8":"first","9":"instock","10":"shipping-taxable","11":"purchasable","12":"product-type-simple"},"_links":{"self":[{"href":"https:\/\/ilmoliulampar.is\/en_gb\/wp-json\/wp\/v2\/product\/63417","targetHints":{"allow":["GET"]}}],"collection":[{"href":"https:\/\/ilmoliulampar.is\/en_gb\/wp-json\/wp\/v2\/product"}],"about":[{"href":"https:\/\/ilmoliulampar.is\/en_gb\/wp-json\/wp\/v2\/types\/product"}],"replies":[{"embeddable":true,"href":"https:\/\/ilmoliulampar.is\/en_gb\/wp-json\/wp\/v2\/comments?post=63417"}],"wp:featuredmedia":[{"embeddable":true,"href":"https:\/\/ilmoliulampar.is\/en_gb\/wp-json\/wp\/v2\/media\/63419"}],"wp:attachment":[{"href":"https:\/\/ilmoliulampar.is\/en_gb\/wp-json\/wp\/v2\/media?parent=63417"}],"wp:term":[{"taxonomy":"product_brand","embeddable":true,"href":"https:\/\/ilmoliulampar.is\/en_gb\/wp-json\/wp\/v2\/product_brand?post=63417"},{"taxonomy":"product_cat","embeddable":true,"href":"https:\/\/ilmoliulampar.is\/en_gb\/wp-json\/wp\/v2\/product_cat?post=63417"},{"taxonomy":"product_tag","embeddable":true,"href":"https:\/\/ilmoliulampar.is\/en_gb\/wp-json\/wp\/v2\/product_tag?post=63417"}],"curies":[{"name":"wp","href":"https:\/\/api.w.org\/{rel}","templated":true}]}}