{"id":63459,"date":"2025-04-08T22:11:42","date_gmt":"2025-04-08T22:11:42","guid":{"rendered":"https:\/\/ilmoliulampar.is\/?post_type=product&#038;p=63459"},"modified":"2025-08-22T11:32:44","modified_gmt":"2025-08-22T11:32:44","slug":"marmara-bord-fra-cozy-living-danmark","status":"publish","type":"product","link":"https:\/\/ilmoliulampar.is\/en_gb\/product\/marmara-bord-fra-cozy-living-danmark\/","title":{"rendered":"Marmara bor\u00f0 fr\u00e1 Cozy Living Danmark"},"content":{"rendered":"","protected":false},"excerpt":{"rendered":"<p>Einstaklega fallegt sporyskjulaga\u00f0 marmara bor\u00f0 fr\u00e1 danska merkinu Cozy Living.Color: Caramel<br \/>\nSt\u00e6r\u00f0: L100 x H50 x Br55<br \/>\nEfni : Marmari og Brass<\/p>\n<p>ATH: Noti\u00f0 eing\u00f6ngu mj\u00fakan kl\u00fat og vatn \u00feegar marmari er \u00feveginn. Ef \u00fearf, \u00fe\u00e1 m\u00e1 nota \u00f6rl\u00edtinn upp\u00fevottal\u00f6g \u00ed vatni\u00f0.<\/p>\n<p>&nbsp;<\/p>","protected":false},"featured_media":64539,"comment_status":"open","ping_status":"closed","template":"","meta":[],"product_brand":[],"product_cat":[247,132],"product_tag":[],"class_list":{"0":"post-63459","1":"product","2":"type-product","3":"status-publish","4":"has-post-thumbnail","6":"product_cat-bord","7":"product_cat-heimilid-2","8":"product_shipping_class-stor-vara","10":"first","11":"instock","12":"shipping-taxable","13":"purchasable","14":"product-type-simple"},"_links":{"self":[{"href":"https:\/\/ilmoliulampar.is\/en_gb\/wp-json\/wp\/v2\/product\/63459","targetHints":{"allow":["GET"]}}],"collection":[{"href":"https:\/\/ilmoliulampar.is\/en_gb\/wp-json\/wp\/v2\/product"}],"about":[{"href":"https:\/\/ilmoliulampar.is\/en_gb\/wp-json\/wp\/v2\/types\/product"}],"replies":[{"embeddable":true,"href":"https:\/\/ilmoliulampar.is\/en_gb\/wp-json\/wp\/v2\/comments?post=63459"}],"wp:featuredmedia":[{"embeddable":true,"href":"https:\/\/ilmoliulampar.is\/en_gb\/wp-json\/wp\/v2\/media\/64539"}],"wp:attachment":[{"href":"https:\/\/ilmoliulampar.is\/en_gb\/wp-json\/wp\/v2\/media?parent=63459"}],"wp:term":[{"taxonomy":"product_brand","embeddable":true,"href":"https:\/\/ilmoliulampar.is\/en_gb\/wp-json\/wp\/v2\/product_brand?post=63459"},{"taxonomy":"product_cat","embeddable":true,"href":"https:\/\/ilmoliulampar.is\/en_gb\/wp-json\/wp\/v2\/product_cat?post=63459"},{"taxonomy":"product_tag","embeddable":true,"href":"https:\/\/ilmoliulampar.is\/en_gb\/wp-json\/wp\/v2\/product_tag?post=63459"}],"curies":[{"name":"wp","href":"https:\/\/api.w.org\/{rel}","templated":true}]}}