{"id":63501,"date":"2025-04-14T16:08:06","date_gmt":"2025-04-14T16:08:06","guid":{"rendered":"https:\/\/ilmoliulampar.is\/?post_type=product&#038;p=63501"},"modified":"2025-06-27T16:50:53","modified_gmt":"2025-06-27T16:50:53","slug":"eco-by-sonya-golden-illuminiser","status":"publish","type":"product","link":"https:\/\/ilmoliulampar.is\/en_gb\/product\/eco-by-sonya-golden-illuminiser\/","title":{"rendered":"Eco by Sonya &#8211; Golden Illuminiser"},"content":{"rendered":"","protected":false},"excerpt":{"rendered":"<div id=\"yv-product-feature-description\" class=\"yv-product-feature desc-content\">\n<h5><span style=\"color: #525252; font-family: var(--rz-font-family-primary); font-size: 16px;\">Golden Illuminiser er flj\u00f3tandi gylltur highlighter fyrir andlit &amp; l\u00edkama.<br \/>\n\u00de\u00fa getur nota\u00f0 hann \u00e1 marga vegu e\u00f0a eins &amp; \u00fe\u00e9r dettur \u00ed hug.<\/span><\/h5>\n<p>\u00de\u00fa getur blanda\u00f0 \u00fea\u00f0 vi\u00f0 super fruit hydrator, glory ol\u00eduna og body lotioni\u00f0 \u00feitt til a\u00f0 f\u00e1 fullkomi\u00f0 &#8220; Glow &#8220;<br \/>\ne\u00f0a sem primer, undir far\u00f0a.<br \/>\nGolden illuminiser hentar \u00f6llum h\u00fa\u00f0ger\u00f0um.<\/p>\n<p>Einnig er \u00f3tr\u00falega fallegt a\u00f0 setja sm\u00e1 \u00ed bursta og setja \u00e1 augnlokin, vi\u00f0beinin &amp; kinnbeinin, til a\u00f0 skerpa \u00e1 n\u00e1tt\u00farulegum lj\u00f3ma.<\/p>\n<p>\u00dea\u00f0 er l\u00edka h\u00e6gt a\u00f0 blanda Golden Illuminiser \u00fat \u00ed br\u00fankuv\u00f6rur.<\/p>\n<p>30 ml<\/p>\n<p>Hristi\u00f0 vel fyrir notkun.<\/p>\n<p><span style=\"color: #111111; font-size: 20px; font-family: var(--rz-font-family-primary);\">Innihaldsefni:<br \/>\n<\/span><span style=\"font-family: var(--rz-font-family-primary);\">ALOE BARBADENSIS LEAF JUICE (Organic Aloe Vera)*, FLUORPHLOGOPITE (Mica Crystal), GLYCERIN (Vegetable Derived)**, PROPANEDIOL (Vegetable Derived)**, ACACIA SENEGAL GUM (Plant Derived)**, SODIUM HYALURONATE (Natural Vegan Hyaluronic)**, HELIANTHUS ANNUUS (Sunflower) SEED OIL**, TOCOPHEROL (Natural Vitamin E)**, XANTHAN GUM (Sugar Derived)**, CITRIC ACID (Citrus Fruit Derived)**,ALLANTOIN (Hydrating Emollient), POTASSIUM SORBATE (Food Grade Preservative), SODIUM BENZOATE (Food Grade Preservative)\u00a0<\/span><\/p>\n<\/div>\n<div id=\"yv-product-feature-specification2\" class=\"yv-product-feature specification-content\">\n<div class=\"yv-product-feature-tab-content\">\n<div class=\"metafield-rich_text_field\">\n<p>May Contain +\/- (Natural Vegan Minerals)**<br \/>\nCI 77492, CI 77491, TITANIUM DIOXIDE, MICA, TIN OXIDE<\/p>\n<p>*Organic **Natural<\/p>\n<p>NO Parabens, NO Propylene Glycol, NO Synthetic Fragrances, NO Artificial Dyes, NO Aluminium, NO Phenoxyethanol, NO PEGS, NO Animal Derivatives, NO SLS\/SLES<\/p>\n<\/div>\n<\/div>\n<\/div>","protected":false},"featured_media":63507,"comment_status":"open","ping_status":"closed","template":"","meta":[],"product_brand":[],"product_cat":[192,129,191],"product_tag":[],"class_list":{"0":"post-63501","1":"product","2":"type-product","3":"status-publish","4":"has-post-thumbnail","6":"product_cat-eco-by-sonia","7":"product_cat-eco-by-sonya","8":"product_cat-hud-og-snyrtivorur","10":"first","11":"instock","12":"shipping-taxable","13":"purchasable","14":"product-type-simple"},"_links":{"self":[{"href":"https:\/\/ilmoliulampar.is\/en_gb\/wp-json\/wp\/v2\/product\/63501","targetHints":{"allow":["GET"]}}],"collection":[{"href":"https:\/\/ilmoliulampar.is\/en_gb\/wp-json\/wp\/v2\/product"}],"about":[{"href":"https:\/\/ilmoliulampar.is\/en_gb\/wp-json\/wp\/v2\/types\/product"}],"replies":[{"embeddable":true,"href":"https:\/\/ilmoliulampar.is\/en_gb\/wp-json\/wp\/v2\/comments?post=63501"}],"wp:featuredmedia":[{"embeddable":true,"href":"https:\/\/ilmoliulampar.is\/en_gb\/wp-json\/wp\/v2\/media\/63507"}],"wp:attachment":[{"href":"https:\/\/ilmoliulampar.is\/en_gb\/wp-json\/wp\/v2\/media?parent=63501"}],"wp:term":[{"taxonomy":"product_brand","embeddable":true,"href":"https:\/\/ilmoliulampar.is\/en_gb\/wp-json\/wp\/v2\/product_brand?post=63501"},{"taxonomy":"product_cat","embeddable":true,"href":"https:\/\/ilmoliulampar.is\/en_gb\/wp-json\/wp\/v2\/product_cat?post=63501"},{"taxonomy":"product_tag","embeddable":true,"href":"https:\/\/ilmoliulampar.is\/en_gb\/wp-json\/wp\/v2\/product_tag?post=63501"}],"curies":[{"name":"wp","href":"https:\/\/api.w.org\/{rel}","templated":true}]}}