{"id":63593,"date":"2025-04-30T20:47:25","date_gmt":"2025-04-30T20:47:25","guid":{"rendered":"https:\/\/ilmoliulampar.is\/?post_type=product&#038;p=63593"},"modified":"2026-03-25T16:28:08","modified_gmt":"2026-03-25T16:28:08","slug":"tulipanar-pink","status":"publish","type":"product","link":"https:\/\/ilmoliulampar.is\/en_gb\/product\/tulipanar-pink\/","title":{"rendered":"Tulipanar pink"},"content":{"rendered":"","protected":false},"excerpt":{"rendered":"<p>Mj\u00f6g fallegur gervibl\u00f3ma t\u00fal\u00edpana v\u00f6ndur me\u00f0 eucalyptus grein. V\u00f6ndurinn inniheldur 5 tulipana og eina eucalyptus grein. Stilkurinn er 35 cm langur. Fallegur l\u00edtill v\u00f6ndur sem endist og endist. \u00a0Mj\u00f6g flottir margir saman \u00ed st\u00e6rri v\u00f6sum. \u00a0 \u00a0 \u00a0 \u00a0 \u00a0 \u00a0 \u00a0 \u00a0 \u00a0 \u00a0 \u00a0 \u00a0 \u00a0 \u00a0 \u00a0 \u00a0 \u00a0 \u00a0 \u00a0 \u00a0 \u00a0 \u00a0 \u00a0 \u00a0 \u00a0 \u00a0 \u00a0 \u00a0 \u00a0 \u00a0 \u00a0 \u00a0 \u00a0 \u00a0 \u00a0 \u00a0 \u00a0 \u00a0 \u00a0 \u00a0 \u00a0 \u00a0 \u00a0 \u00a0 \u00a0 Litur bleikur<\/p>\n<p>&nbsp;<\/p>","protected":false},"featured_media":63597,"comment_status":"open","ping_status":"closed","template":"","meta":[],"product_brand":[],"product_cat":[228,132],"product_tag":[],"class_list":{"0":"post-63593","1":"product","2":"type-product","3":"status-publish","4":"has-post-thumbnail","6":"product_cat-gerviplontur","7":"product_cat-heimilid-2","9":"first","10":"instock","11":"shipping-taxable","12":"purchasable","13":"product-type-simple"},"_links":{"self":[{"href":"https:\/\/ilmoliulampar.is\/en_gb\/wp-json\/wp\/v2\/product\/63593","targetHints":{"allow":["GET"]}}],"collection":[{"href":"https:\/\/ilmoliulampar.is\/en_gb\/wp-json\/wp\/v2\/product"}],"about":[{"href":"https:\/\/ilmoliulampar.is\/en_gb\/wp-json\/wp\/v2\/types\/product"}],"replies":[{"embeddable":true,"href":"https:\/\/ilmoliulampar.is\/en_gb\/wp-json\/wp\/v2\/comments?post=63593"}],"wp:featuredmedia":[{"embeddable":true,"href":"https:\/\/ilmoliulampar.is\/en_gb\/wp-json\/wp\/v2\/media\/63597"}],"wp:attachment":[{"href":"https:\/\/ilmoliulampar.is\/en_gb\/wp-json\/wp\/v2\/media?parent=63593"}],"wp:term":[{"taxonomy":"product_brand","embeddable":true,"href":"https:\/\/ilmoliulampar.is\/en_gb\/wp-json\/wp\/v2\/product_brand?post=63593"},{"taxonomy":"product_cat","embeddable":true,"href":"https:\/\/ilmoliulampar.is\/en_gb\/wp-json\/wp\/v2\/product_cat?post=63593"},{"taxonomy":"product_tag","embeddable":true,"href":"https:\/\/ilmoliulampar.is\/en_gb\/wp-json\/wp\/v2\/product_tag?post=63593"}],"curies":[{"name":"wp","href":"https:\/\/api.w.org\/{rel}","templated":true}]}}