{"id":63599,"date":"2025-04-30T20:50:06","date_gmt":"2025-04-30T20:50:06","guid":{"rendered":"https:\/\/ilmoliulampar.is\/?post_type=product&#038;p=63599"},"modified":"2025-08-22T20:59:06","modified_gmt":"2025-08-22T20:59:06","slug":"tulipanar-white","status":"publish","type":"product","link":"https:\/\/ilmoliulampar.is\/en_gb\/product\/tulipanar-white\/","title":{"rendered":"Tulipanar white"},"content":{"rendered":"","protected":false},"excerpt":{"rendered":"<p>Mj\u00f6g fallegur gervibl\u00f3ma t\u00fal\u00edpana v\u00f6ndur me\u00f0 eucalyptus grein. V\u00f6ndurinn inniheldur 5 tulipana og eina eucalyptus grein. Stilkurinn er 35 cm langur. Fallegur l\u00edtill v\u00f6ndur sem endist og endist. \u00a0 \u00a0 \u00a0 \u00a0 \u00a0 \u00a0 \u00a0 \u00a0 \u00a0 \u00a0 \u00a0 \u00a0 \u00a0 \u00a0 \u00a0 \u00a0 \u00a0 \u00a0 \u00a0 \u00a0 \u00a0 \u00a0 \u00a0 \u00a0 \u00a0 \u00a0 \u00a0 \u00a0 \u00a0 \u00a0 \u00a0 \u00a0 \u00a0 \u00a0 \u00a0 \u00a0 \u00a0 \u00a0 \u00a0 \u00a0 \u00a0 \u00a0 \u00a0 \u00a0 \u00a0 \u00a0 Litur: \u00a0Hv\u00edtur<\/p>","protected":false},"featured_media":63596,"comment_status":"open","ping_status":"closed","template":"","meta":[],"product_brand":[],"product_cat":[228,132],"product_tag":[],"class_list":{"0":"post-63599","1":"product","2":"type-product","3":"status-publish","4":"has-post-thumbnail","6":"product_cat-gerviplontur","7":"product_cat-heimilid-2","9":"first","10":"outofstock","11":"shipping-taxable","12":"purchasable","13":"product-type-simple"},"_links":{"self":[{"href":"https:\/\/ilmoliulampar.is\/en_gb\/wp-json\/wp\/v2\/product\/63599","targetHints":{"allow":["GET"]}}],"collection":[{"href":"https:\/\/ilmoliulampar.is\/en_gb\/wp-json\/wp\/v2\/product"}],"about":[{"href":"https:\/\/ilmoliulampar.is\/en_gb\/wp-json\/wp\/v2\/types\/product"}],"replies":[{"embeddable":true,"href":"https:\/\/ilmoliulampar.is\/en_gb\/wp-json\/wp\/v2\/comments?post=63599"}],"wp:featuredmedia":[{"embeddable":true,"href":"https:\/\/ilmoliulampar.is\/en_gb\/wp-json\/wp\/v2\/media\/63596"}],"wp:attachment":[{"href":"https:\/\/ilmoliulampar.is\/en_gb\/wp-json\/wp\/v2\/media?parent=63599"}],"wp:term":[{"taxonomy":"product_brand","embeddable":true,"href":"https:\/\/ilmoliulampar.is\/en_gb\/wp-json\/wp\/v2\/product_brand?post=63599"},{"taxonomy":"product_cat","embeddable":true,"href":"https:\/\/ilmoliulampar.is\/en_gb\/wp-json\/wp\/v2\/product_cat?post=63599"},{"taxonomy":"product_tag","embeddable":true,"href":"https:\/\/ilmoliulampar.is\/en_gb\/wp-json\/wp\/v2\/product_tag?post=63599"}],"curies":[{"name":"wp","href":"https:\/\/api.w.org\/{rel}","templated":true}]}}