{"id":63619,"date":"2025-05-03T11:53:43","date_gmt":"2025-05-03T11:53:43","guid":{"rendered":"https:\/\/ilmoliulampar.is\/?post_type=product&#038;p=63619"},"modified":"2026-02-03T15:10:46","modified_gmt":"2026-02-03T15:10:46","slug":"ozosona-sapa","status":"publish","type":"product","link":"https:\/\/ilmoliulampar.is\/en_gb\/product\/ozosona-sapa\/","title":{"rendered":"Ozosana &#8211; \u00d3sonu\u00f0 s\u00e1pa"},"content":{"rendered":"","protected":false},"excerpt":{"rendered":"<p>Ozosana s\u00e1pan.<br \/>\nL\u00edfr\u00e6n handger\u00f0 s\u00e1pa \u00far \u00f3sonbeittri ol\u00edu sem hefur marga eiginleika \u00f3sons: s\u00farefnisbindandi, endurn\u00fdjandi, l\u00edfgandi, andoxunarefni og hreinsandi.<br \/>\nhenntar \u00f6llum h\u00fa\u00f0ger\u00f0um. Mj\u00f6g mj\u00fak \u00e1fer\u00f0, l\u00e9tt fro\u00f0a sem hreinsar h\u00fa\u00f0ina fullkomlega.<br \/>\nLei\u00f0beiningar: Bleyttu hendurnar nudda\u00f0u s\u00e1puna , nudda\u00f0u s\u00ed\u00f0an andliti\u00f0 me\u00f0 h\u00f6ndunum , for\u00f0ist a\u00f0 snerta augu.<\/p>\n<p>Ekki prufa\u00f0 \u00e1 d\u00fdrum<\/p>\n<p><strong>Innihaldsefni:<\/strong><\/p>\n<ul>\n<li>Aqua (vatn)<\/li>\n<li>Cocos nucifera (k\u00f3koshnetu) ol\u00eda<\/li>\n<li>Olea europaea (\u00f3l\u00edfu) \u00e1vaxtaol\u00eda<\/li>\n<li>Ozonized Olea europaea (\u00f3l\u00edfu) ol\u00eda<\/li>\n<li>Ozonized Helianthus annuus (s\u00f3lbl\u00f3ma) fr\u00e6ol\u00eda<\/li>\n<li>Sodium hydroxide<\/li>\n<li>Ricinus communis (k\u00f3l\u00f3beina) fr\u00e6ol\u00eda<\/li>\n<li>Persea gratissima (av\u00f3kad\u00f3) ol\u00eda<\/li>\n<li>Sodium chloride<\/li>\n<\/ul>\n<p>&nbsp;<\/p>\n<p>100 gr<\/p>","protected":false},"featured_media":63621,"comment_status":"open","ping_status":"closed","template":"","meta":[],"product_brand":[],"product_cat":[272],"product_tag":[],"class_list":{"0":"post-63619","1":"product","2":"type-product","3":"status-publish","4":"has-post-thumbnail","6":"product_cat-ozosana","8":"first","9":"instock","10":"shipping-taxable","11":"purchasable","12":"product-type-simple"},"_links":{"self":[{"href":"https:\/\/ilmoliulampar.is\/en_gb\/wp-json\/wp\/v2\/product\/63619","targetHints":{"allow":["GET"]}}],"collection":[{"href":"https:\/\/ilmoliulampar.is\/en_gb\/wp-json\/wp\/v2\/product"}],"about":[{"href":"https:\/\/ilmoliulampar.is\/en_gb\/wp-json\/wp\/v2\/types\/product"}],"replies":[{"embeddable":true,"href":"https:\/\/ilmoliulampar.is\/en_gb\/wp-json\/wp\/v2\/comments?post=63619"}],"wp:featuredmedia":[{"embeddable":true,"href":"https:\/\/ilmoliulampar.is\/en_gb\/wp-json\/wp\/v2\/media\/63621"}],"wp:attachment":[{"href":"https:\/\/ilmoliulampar.is\/en_gb\/wp-json\/wp\/v2\/media?parent=63619"}],"wp:term":[{"taxonomy":"product_brand","embeddable":true,"href":"https:\/\/ilmoliulampar.is\/en_gb\/wp-json\/wp\/v2\/product_brand?post=63619"},{"taxonomy":"product_cat","embeddable":true,"href":"https:\/\/ilmoliulampar.is\/en_gb\/wp-json\/wp\/v2\/product_cat?post=63619"},{"taxonomy":"product_tag","embeddable":true,"href":"https:\/\/ilmoliulampar.is\/en_gb\/wp-json\/wp\/v2\/product_tag?post=63619"}],"curies":[{"name":"wp","href":"https:\/\/api.w.org\/{rel}","templated":true}]}}