{"id":63623,"date":"2025-05-03T12:25:33","date_gmt":"2025-05-03T12:25:33","guid":{"rendered":"https:\/\/ilmoliulampar.is\/?post_type=product&#038;p=63623"},"modified":"2026-02-03T15:08:53","modified_gmt":"2026-02-03T15:08:53","slug":"ozosana-krem","status":"publish","type":"product","link":"https:\/\/ilmoliulampar.is\/en_gb\/product\/ozosana-krem\/","title":{"rendered":"Ozosana &#8211; \u00d3sona\u00f0 krem 50 ml"},"content":{"rendered":"","protected":false},"excerpt":{"rendered":"<p>Ozosana v\u00f6rurnar eru \u00fer\u00f3a\u00f0ar af virtum l\u00e6kni sem s\u00e9rh\u00e6fir sig \u00ed \u00f3son me\u00f0fer\u00f0um. L\u00e6knirinn Dr. Juan Carlos Perez Olmedo hanna\u00f0i \u00feessar v\u00f6rur og f\u00e9kk einkaleyfi \u00ed fj\u00f6lm\u00f6rgum t\u00e6kjum til l\u00e6knisfr\u00e6\u00f0ilegrar notkunar \u00e1 \u00f3soni.<br \/>\n\u00d3soni ey\u00f0ir sveppum, bakter\u00edum &amp; veirum.<br \/>\nVinnur strax \u00e1 b\u00f3lgum \u00ed h\u00fa\u00f0inni, brunas\u00e1rum og vandam\u00e1lum eins og \u00e6\u00f0ahn\u00fatum.<\/p>\n<p>\u00d3son er \u00feri\u00f0ja \u00f6flugasta oxunarefni\u00f0 \u00ed n\u00e1tt\u00farunni og ver h\u00fa\u00f0ina td fyrir s\u00f3larlj\u00f3si, vindi &amp; kulda.<\/p>\n<p>ekki prufa\u00f0 \u00e1 d\u00fdrum og engin ofn\u00e6misvaldandi efni eru \u00ed v\u00f6runum<\/p>\n<div dir=\"auto\">Innihaldsefni:<\/div>\n<div dir=\"auto\">\u00a0\u2022 \u00d3sonu\u00f0 Helianthus annuus (s\u00f3larbl\u00f3mafr\u00e6) ol\u00eda<\/div>\n<div dir=\"auto\">\u00a0\u2022 \u00d3sonu\u00f0 Olea europaea (\u00f3l\u00edfu) ol\u00eda<\/div>\n<div dir=\"auto\">\u00a0\u2022 Mentha piperita (minta) ol\u00eda<\/div>\n<div dir=\"auto\">\u00a0\u2022 Tocopherol (E-v\u00edtam\u00edn)<\/div>\n<div dir=\"auto\">\u00a0\u2022 Tocopheryl acetate (acetat af E-v\u00edtam\u00edni)<\/div>\n<div dir=\"auto\">\u00a0\u2022 Limonene (efni \u00far s\u00edtrus)<\/div>\n<div dir=\"auto\"><\/div>\n<div dir=\"auto\">50 ml<\/div>\n<p>&nbsp;<\/p>\n<p>&nbsp;<\/p>","protected":false},"featured_media":63624,"comment_status":"open","ping_status":"closed","template":"","meta":[],"product_brand":[],"product_cat":[272],"product_tag":[],"class_list":{"0":"post-63623","1":"product","2":"type-product","3":"status-publish","4":"has-post-thumbnail","6":"product_cat-ozosana","8":"first","9":"instock","10":"shipping-taxable","11":"purchasable","12":"product-type-simple"},"_links":{"self":[{"href":"https:\/\/ilmoliulampar.is\/en_gb\/wp-json\/wp\/v2\/product\/63623","targetHints":{"allow":["GET"]}}],"collection":[{"href":"https:\/\/ilmoliulampar.is\/en_gb\/wp-json\/wp\/v2\/product"}],"about":[{"href":"https:\/\/ilmoliulampar.is\/en_gb\/wp-json\/wp\/v2\/types\/product"}],"replies":[{"embeddable":true,"href":"https:\/\/ilmoliulampar.is\/en_gb\/wp-json\/wp\/v2\/comments?post=63623"}],"wp:featuredmedia":[{"embeddable":true,"href":"https:\/\/ilmoliulampar.is\/en_gb\/wp-json\/wp\/v2\/media\/63624"}],"wp:attachment":[{"href":"https:\/\/ilmoliulampar.is\/en_gb\/wp-json\/wp\/v2\/media?parent=63623"}],"wp:term":[{"taxonomy":"product_brand","embeddable":true,"href":"https:\/\/ilmoliulampar.is\/en_gb\/wp-json\/wp\/v2\/product_brand?post=63623"},{"taxonomy":"product_cat","embeddable":true,"href":"https:\/\/ilmoliulampar.is\/en_gb\/wp-json\/wp\/v2\/product_cat?post=63623"},{"taxonomy":"product_tag","embeddable":true,"href":"https:\/\/ilmoliulampar.is\/en_gb\/wp-json\/wp\/v2\/product_tag?post=63623"}],"curies":[{"name":"wp","href":"https:\/\/api.w.org\/{rel}","templated":true}]}}