{"id":63629,"date":"2025-05-05T13:50:31","date_gmt":"2025-05-05T13:50:31","guid":{"rendered":"https:\/\/ilmoliulampar.is\/?post_type=product&#038;p=63629"},"modified":"2026-02-03T15:07:39","modified_gmt":"2026-02-03T15:07:39","slug":"ozosana-osonolia-30-ml","status":"publish","type":"product","link":"https:\/\/ilmoliulampar.is\/en_gb\/product\/ozosana-osonolia-30-ml\/","title":{"rendered":"Ozosana &#8211; \u00d3sonol\u00eda 30 ml"},"content":{"rendered":"","protected":false},"excerpt":{"rendered":"<p style=\"font-weight: 400;\"><strong>Ozosana \u00d3sonol\u00eda 30 ml\u00a0<\/strong><\/p>\n<p style=\"font-weight: 400;\"><strong>V\u00f6rutitill:<\/strong><\/p>\n<p style=\"font-weight: 400;\">Ozosana \u00d3sonol\u00eda 30 ml \u2013 S\u00farefnisgefandi og Andoxandi<\/p>\n<p style=\"font-weight: 400;\"><strong>Stutt l\u00fdsing\u00a0<\/strong><br \/>\nOzosana \u00f3sonol\u00eda er \u00f6flug s\u00fdkladrepandi ol\u00eda, h\u00fan ey\u00f0ir sveppum, bakter\u00edum og veirum. H\u00fan hefur einnig s\u00farefnisgefandi og andoxandi eiginleika sem stu\u00f0la a\u00f0 betri heilsu h\u00fa\u00f0arinnar.<\/p>\n<p style=\"font-weight: 400;\"><strong>\u00cdtarlegri l\u00fdsing :<\/strong><br \/>\nOzosana \u00d3sonol\u00eda er einst\u00f6k ol\u00eda sem sameinar n\u00e1tt\u00farulega me\u00f0fer\u00f0 og n\u00fat\u00edmat\u00e6kni til a\u00f0 vernda h\u00fa\u00f0ina gegn s\u00fdkingum, b\u00f3lgum og \u00f6ldrun. \u00d3son er \u00feri\u00f0ja \u00f6flugasta oxunarefni\u00f0 \u00ed n\u00e1tt\u00farunni og hefur afar brei\u00f0a s\u00fdkladrepandi virkni. \u00d3sonol\u00edan er s\u00e9rstaklega framleidd \u00far hreinu s\u00farefni og hefur margv\u00edslega heilsufarslega eiginleika.<\/p>\n<p style=\"font-weight: 400;\"><strong>Helstu eiginleikar:<\/strong><\/p>\n<ul style=\"font-weight: 400;\">\n<li><strong>S\u00f3tthreinsandi:<\/strong> Ey\u00f0ir bakter\u00edum, sveppum og veirum \u00e1 h\u00fa\u00f0 og sl\u00edmh\u00fa\u00f0.<\/li>\n<li><strong>S\u00farefnisgefandi:<\/strong>\u00a0\u00d6rvar bl\u00f3\u00f0fl\u00e6\u00f0i og hj\u00e1lpar til vi\u00f0 endurn\u00fdjun h\u00fa\u00f0ar.<\/li>\n<li><strong>Andoxandi:<\/strong> V\u00f6rn gegn ska\u00f0legum \u00e1hrifum sindurefna og umhverfis, eins og s\u00f3lar, kulda, vinds o.\u00fe.h<\/li>\n<li><strong>B\u00f3lguey\u00f0andi:<\/strong>\u00a0Dregur \u00far b\u00f3lgum og ertingu \u00e1 h\u00fa\u00f0.<\/li>\n<li><strong>\u00d6flugt gegn \u00f6ldrun:<\/strong>\u00a0Hj\u00e1lpar vi\u00f0 a\u00f0 draga \u00far hrukkum og \u00f6ldrunarmerkjum.<\/li>\n<li><strong>Gr\u00e6\u00f0andi<\/strong><\/li>\n<li><strong>Enduruppbyggjandi<\/strong><\/li>\n<\/ul>\n<p style=\"font-weight: 400;\"><strong>Notkunarlei\u00f0beiningar:<\/strong><br \/>\nBeri\u00f0 ol\u00eduna \u00e1 vi\u00f0komandi sv\u00e6\u00f0i me\u00f0 l\u00e9ttu nuddi og l\u00e1ti\u00f0 hana drekka sig a\u00f0 fullu inn \u00ed h\u00fa\u00f0ina. M\u00e1 nota \u00e1 andlit, hendur e\u00f0a \u00f6nnur sv\u00e6\u00f0i \u00e1 l\u00edkamanum, bara hvar sem eru einhver h\u00fa\u00f0vandam\u00e1l, l\u00ednur, \u00feurrkur, exem e\u00f0a \u00f6nnur \u00f3\u00fe\u00e6gindi.<\/p>\n<p style=\"font-weight: 400;\"><strong>Innihaldsefni:<\/strong><\/p>\n<p style=\"font-weight: 400;\">Ozonized Helianthus Annuus Seed (\u00d3sonu\u00f0 s\u00f3lbl\u00f3maol\u00eda<\/p>\n<p style=\"font-weight: 400;\">Ozonized Olea Europaea oil\u00a0\u00a0(\u00d3sonu\u00f0 einst\u00f6k \u00f3l\u00edfuol\u00eda)<\/p>\n<p style=\"font-weight: 400;\">Mentha Piperita oil ( piparmyntuol\u00eda)<\/p>\n<p style=\"font-weight: 400;\">Tocopheryl Acetate ( s\u00e9rst\u00f6k teg af E v\u00edtam\u00edni)<\/p>\n<p style=\"font-weight: 400;\">Limonene (n\u00e1tt\u00farulegt ilmefni \u00far s\u00edtrus\u00e1v\u00f6xtum)<\/p>\n<p style=\"font-weight: 400;\">\u00dea\u00f0 mega allir nota Ozosana ol\u00eduna<\/p>\n<p style=\"font-weight: 400;\">Konur \u00e1 me\u00f0g\u00f6ngu<\/p>\n<p style=\"font-weight: 400;\">Ung b\u00f6rn fr\u00e1 0-3 \u00e1ra<\/p>\n<p style=\"font-weight: 400;\">B\u00f6rn og unglingar fr\u00e1 3-16 \u00e1ra<\/p>\n<p style=\"font-weight: 400;\">Fullor\u00f0nir<\/p>","protected":false},"featured_media":63632,"comment_status":"open","ping_status":"closed","template":"","meta":[],"product_brand":[],"product_cat":[272],"product_tag":[],"class_list":{"0":"post-63629","1":"product","2":"type-product","3":"status-publish","4":"has-post-thumbnail","6":"product_cat-ozosana","8":"first","9":"instock","10":"shipping-taxable","11":"purchasable","12":"product-type-simple"},"_links":{"self":[{"href":"https:\/\/ilmoliulampar.is\/en_gb\/wp-json\/wp\/v2\/product\/63629","targetHints":{"allow":["GET"]}}],"collection":[{"href":"https:\/\/ilmoliulampar.is\/en_gb\/wp-json\/wp\/v2\/product"}],"about":[{"href":"https:\/\/ilmoliulampar.is\/en_gb\/wp-json\/wp\/v2\/types\/product"}],"replies":[{"embeddable":true,"href":"https:\/\/ilmoliulampar.is\/en_gb\/wp-json\/wp\/v2\/comments?post=63629"}],"wp:featuredmedia":[{"embeddable":true,"href":"https:\/\/ilmoliulampar.is\/en_gb\/wp-json\/wp\/v2\/media\/63632"}],"wp:attachment":[{"href":"https:\/\/ilmoliulampar.is\/en_gb\/wp-json\/wp\/v2\/media?parent=63629"}],"wp:term":[{"taxonomy":"product_brand","embeddable":true,"href":"https:\/\/ilmoliulampar.is\/en_gb\/wp-json\/wp\/v2\/product_brand?post=63629"},{"taxonomy":"product_cat","embeddable":true,"href":"https:\/\/ilmoliulampar.is\/en_gb\/wp-json\/wp\/v2\/product_cat?post=63629"},{"taxonomy":"product_tag","embeddable":true,"href":"https:\/\/ilmoliulampar.is\/en_gb\/wp-json\/wp\/v2\/product_tag?post=63629"}],"curies":[{"name":"wp","href":"https:\/\/api.w.org\/{rel}","templated":true}]}}