{"id":63633,"date":"2025-05-05T14:12:02","date_gmt":"2025-05-05T14:12:02","guid":{"rendered":"https:\/\/ilmoliulampar.is\/?post_type=product&#038;p=63633"},"modified":"2026-02-03T15:10:11","modified_gmt":"2026-02-03T15:10:11","slug":"osonolia-tannheilsa-ozosana-dental","status":"publish","type":"product","link":"https:\/\/ilmoliulampar.is\/en_gb\/product\/osonolia-tannheilsa-ozosana-dental\/","title":{"rendered":"Ozosana &#8211; Dental \u00f3sonol\u00eda\/tannheilsa"},"content":{"rendered":"","protected":false},"excerpt":{"rendered":"<p style=\"font-weight: 400;\"><strong>\u00d3sonol\u00eda\/Tannheilsa \u2013 Ozosana Dental<\/strong><\/p>\n<p style=\"font-weight: 400;\"><strong>L\u00fdsing:<\/strong><br \/>\nOzosana Dental \u00f3sonol\u00eda, er \u00fer\u00f3u\u00f0 af Dr. P\u00e9rez Olmedo. Ol\u00edan er mj\u00f6g \u00f6flugt munnskol me\u00f0 bakter\u00edudrepandi, sveppadrepandi og veirudrepandi eiginleikum. H\u00fan hreinsar munninn af s\u00fdklum, styrkir tannhold og hindrar myndun tannsteins. H\u00fan er einnig \u00e1hrifar\u00edk gegn munns\u00e1rum og munnangri (aftas) og ekki skemmir a\u00f0 h\u00fan hj\u00e1lpar til vi\u00f0 hv\u00edttun tannanna.<\/p>\n<p style=\"font-weight: 400;\"><strong>Notkun og eiginleikar:\u00a0<\/strong><\/p>\n<p style=\"font-weight: 400;\"><strong>\u00a0\u00a0\u00a0\u00a0\u00a0\u00a0<\/strong><\/p>\n<ul style=\"font-weight: 400;\">\n<li><strong>S\u00fdkladrepandi: Hindrar fj\u00f6lgun ska\u00f0legra bakter\u00eda \u00ed munni.<\/strong><\/li>\n<li><strong>N\u00e6randi: M\u00fdkir tannholdi\u00f0<\/strong><\/li>\n<li><strong>Andoxandi: Verndar frumur gegn oxunar\u00e1lagi<\/strong><\/li>\n<li><strong>Endurn\u00fdjandi: Stu\u00f0lar a\u00f0 vi\u00f0ger\u00f0 og endurn\u00fdjun vefja \u00ed munni.<\/strong><\/li>\n<li><strong>Sem tannkrem:<\/strong>\u00a0Setji\u00f0 nokkra dropa \u00e1 tannburstann og bursti\u00f0 tennurnar eins og venjulega.<\/li>\n<li><\/li>\n<li><strong>Sem munnskol:<\/strong>\u00a0Blandi\u00f0 nokkrum dropum vi\u00f0 vatn og skoli\u00f0 munninn.<\/li>\n<li><strong>Eftir tannl\u00e6kningar\/a\u00f0ger\u00f0ir:<\/strong>\u00a0Setji\u00f0 nokkra dropa \u00e1 grisju og leggi\u00f0 \u00e1 vi\u00f0komandi sv\u00e6\u00f0i yfir n\u00f3tt.<\/li>\n<\/ul>\n<p><strong>Oil Pulling a\u00f0fer\u00f0:<\/strong><span style=\"font-weight: 400;\">\u00a0Taki\u00f0 matskei\u00f0 af ol\u00edu \u00ed munninn og skoli\u00f0 \u00ed 10\u201320 m\u00edn\u00fatur \u00e1\u00f0ur en ol\u00edan er sp\u00fdtt \u00fat. \u00deetta hreinsar munninn og dregur \u00far bakter\u00edum<\/span><\/p>","protected":false},"featured_media":63634,"comment_status":"open","ping_status":"closed","template":"","meta":[],"product_brand":[],"product_cat":[272],"product_tag":[],"class_list":{"0":"post-63633","1":"product","2":"type-product","3":"status-publish","4":"has-post-thumbnail","6":"product_cat-ozosana","8":"first","9":"instock","10":"shipping-taxable","11":"purchasable","12":"product-type-simple"},"_links":{"self":[{"href":"https:\/\/ilmoliulampar.is\/en_gb\/wp-json\/wp\/v2\/product\/63633","targetHints":{"allow":["GET"]}}],"collection":[{"href":"https:\/\/ilmoliulampar.is\/en_gb\/wp-json\/wp\/v2\/product"}],"about":[{"href":"https:\/\/ilmoliulampar.is\/en_gb\/wp-json\/wp\/v2\/types\/product"}],"replies":[{"embeddable":true,"href":"https:\/\/ilmoliulampar.is\/en_gb\/wp-json\/wp\/v2\/comments?post=63633"}],"wp:featuredmedia":[{"embeddable":true,"href":"https:\/\/ilmoliulampar.is\/en_gb\/wp-json\/wp\/v2\/media\/63634"}],"wp:attachment":[{"href":"https:\/\/ilmoliulampar.is\/en_gb\/wp-json\/wp\/v2\/media?parent=63633"}],"wp:term":[{"taxonomy":"product_brand","embeddable":true,"href":"https:\/\/ilmoliulampar.is\/en_gb\/wp-json\/wp\/v2\/product_brand?post=63633"},{"taxonomy":"product_cat","embeddable":true,"href":"https:\/\/ilmoliulampar.is\/en_gb\/wp-json\/wp\/v2\/product_cat?post=63633"},{"taxonomy":"product_tag","embeddable":true,"href":"https:\/\/ilmoliulampar.is\/en_gb\/wp-json\/wp\/v2\/product_tag?post=63633"}],"curies":[{"name":"wp","href":"https:\/\/api.w.org\/{rel}","templated":true}]}}