{"id":63643,"date":"2025-05-06T16:39:06","date_gmt":"2025-05-06T16:39:06","guid":{"rendered":"https:\/\/ilmoliulampar.is\/?post_type=product&#038;p=63643"},"modified":"2025-05-06T16:40:23","modified_gmt":"2025-05-06T16:40:23","slug":"fill-blomapottur","status":"publish","type":"product","link":"https:\/\/ilmoliulampar.is\/en_gb\/product\/fill-blomapottur\/","title":{"rendered":"F\u00edll &#8211; Bl\u00f3mapottur"},"content":{"rendered":"","protected":false},"excerpt":{"rendered":"<p>\u00d3tr\u00falega flottur og veglegur bl\u00f3mapottur fr\u00e1 Werner Voss<\/p>\n<p>St\u00e6r\u00f0<\/p>\n<div class=\"row laenge\">\n<div class=\"label\">Lengd 45.00 cm<\/div>\n<\/div>\n<div class=\"row breite\">\n<div class=\"label\">Breidd 44.50 cm<\/div>\n<\/div>\n<div class=\"row hoehe\">\n<div class=\"label\">H\u00e6\u00f0 37.50 cm<\/div>\n<\/div>","protected":false},"featured_media":63645,"comment_status":"open","ping_status":"closed","template":"","meta":[],"product_brand":[],"product_cat":[250,132],"product_tag":[],"class_list":{"0":"post-63643","1":"product","2":"type-product","3":"status-publish","4":"has-post-thumbnail","6":"product_cat-blomapottarvasar","7":"product_cat-heimilid-2","9":"first","10":"instock","11":"shipping-taxable","12":"purchasable","13":"product-type-simple"},"_links":{"self":[{"href":"https:\/\/ilmoliulampar.is\/en_gb\/wp-json\/wp\/v2\/product\/63643","targetHints":{"allow":["GET"]}}],"collection":[{"href":"https:\/\/ilmoliulampar.is\/en_gb\/wp-json\/wp\/v2\/product"}],"about":[{"href":"https:\/\/ilmoliulampar.is\/en_gb\/wp-json\/wp\/v2\/types\/product"}],"replies":[{"embeddable":true,"href":"https:\/\/ilmoliulampar.is\/en_gb\/wp-json\/wp\/v2\/comments?post=63643"}],"wp:featuredmedia":[{"embeddable":true,"href":"https:\/\/ilmoliulampar.is\/en_gb\/wp-json\/wp\/v2\/media\/63645"}],"wp:attachment":[{"href":"https:\/\/ilmoliulampar.is\/en_gb\/wp-json\/wp\/v2\/media?parent=63643"}],"wp:term":[{"taxonomy":"product_brand","embeddable":true,"href":"https:\/\/ilmoliulampar.is\/en_gb\/wp-json\/wp\/v2\/product_brand?post=63643"},{"taxonomy":"product_cat","embeddable":true,"href":"https:\/\/ilmoliulampar.is\/en_gb\/wp-json\/wp\/v2\/product_cat?post=63643"},{"taxonomy":"product_tag","embeddable":true,"href":"https:\/\/ilmoliulampar.is\/en_gb\/wp-json\/wp\/v2\/product_tag?post=63643"}],"curies":[{"name":"wp","href":"https:\/\/api.w.org\/{rel}","templated":true}]}}