{"id":63885,"date":"2025-06-20T14:43:55","date_gmt":"2025-06-20T14:43:55","guid":{"rendered":"https:\/\/ilmoliulampar.is\/?post_type=product&#038;p=63885"},"modified":"2026-02-02T12:56:17","modified_gmt":"2026-02-02T12:56:17","slug":"maskari-fra-eco-by-sonya-mitzy","status":"publish","type":"product","link":"https:\/\/ilmoliulampar.is\/en_gb\/product\/maskari-fra-eco-by-sonya-mitzy\/","title":{"rendered":"Eco by Sonya &#8211; Maskari Mitzy + augnh\u00e1rabrettari"},"content":{"rendered":"","protected":false},"excerpt":{"rendered":"<p>Mitzy maskarinn fr\u00e1 Eco by Sonya og augnh\u00e1rabrettari!<\/p>\n<p>Ertu a\u00f0 leita a\u00f0 dramat\u00edskum augum? \u00deessi maskari er hanna\u00f0ur til a\u00f0 skila einst\u00f6kum \u00e1rangri me\u00f0 hreinum innihaldsefnum.<\/p>\n<p>Fyrir dj\u00fapa r\u00f3tarlyftingu og a\u00f0skilna\u00f0 augnh\u00e1ra \u2013 \u00e1n ertingar fr\u00e1 \u00f3\u00e6skilegum efnum. Mj\u00f6g g\u00f3\u00f0ur litur sem smitast ekki og l\u00e6tur augun \u00fe\u00edn sk\u00edna.<\/p>\n<p>Loka\u00fatkoman: Uppbrett, falleg og \u00e1berandi augnh\u00e1r &#8211; \u00a0\u00dea\u00f0 er alveg \u00feess vir\u00f0i a\u00f0 pr\u00f3fa, \u00fe\u00fa munt elska Mitzi maskarann alveg eins og vi\u00f0 gerum.<\/p>\n<p>Eiginleikar:<\/p>\n<ul>\n<li>Mikil og g\u00f3\u00f0 r\u00f3tarlyfting<\/li>\n<li>Hann lengir og \u00feykkir<\/li>\n<li>Smit\u00feolinn \/ smudge proof<\/li>\n<li>Fyrir vi\u00f0kv\u00e6m augu<\/li>\n<li>Hrein innihaldsefni<\/li>\n<li>Vegan<\/li>\n<li>Pr\u00f3fa\u00f0ur af augnl\u00e6knum<\/li>\n<\/ul>\n<p>Notkunarlei\u00f0beiningar<\/p>\n<p>Beri\u00f0 \u00e1 hrein, \u00feurr augnh\u00e1r, ef \u00fe\u00fa vilt dramat\u00edskt \u00fatlit \u00fe\u00e1 ber\u00f0u hann aftur \u00e1 eftir a\u00f0 hann hefur a\u00f0eins \u00feorna\u00f0.<\/p>\n<p>Hreinsar maskarann af \u00e1 \u00f6rf\u00e1um sek\u00fandum me\u00f0 Glory Oil.<\/p>\n<p>Innihaldsl\u00fdsing:<\/p>\n<p>Aqua (vatn), CI 77499 (j\u00e1rnox\u00ed\u00f0), Copernicia Cerifera Cera (karna\u00fabavax), Tribehenin (pl\u00f6ntuuppruni), Vetthydrera\u00f0 \u00f3l\u00edfuol\u00eduester**, Glyceryl Behenate (pl\u00f6ntuuppruni), Palmitic Acid (pl\u00f6ntuuppruni), Propanediol (gr\u00e6nmetisuppruni), Polyglyceryl-6 Distearate (gr\u00e6nmetisuppruni), VP\/Eicosene Copolymer, Euphorbia Cerifera Cera (kandel\u00edllavax), K\u00edsill (n\u00e1tt\u00farulegur og vegan), Stearic Acid (pl\u00f6ntuuppruni), Rhus Succedanea Fruit Cera (gr\u00e6nmetisvaxtavax), Xanthan Gum (pl\u00f6ntuuppruni)**, Caprylyl Glycol, Aminomethyl Propanediol, Hydroxyacetophenone, 1,2-Hexanediol, Panthenol.<\/p>\n<p>Vi\u00f0b\u00f3taruppl\u00fdsingar:<\/p>\n<p>\ud83c\udf3f Hrein vara | \ud83d\udcaa \u00d6flug | \ud83d\ude0a H\u00fa\u00f0arv\u00e6n | \ud83c\udf31 Vegan | \ud83d\udc30 D\u00fdrav\u00e6n (Cruelty-Free)<\/p>","protected":false},"featured_media":63886,"comment_status":"closed","ping_status":"closed","template":"","meta":[],"product_brand":[],"product_cat":[129],"product_tag":[],"class_list":{"0":"post-63885","1":"product","2":"type-product","3":"status-publish","4":"has-post-thumbnail","6":"product_cat-eco-by-sonya","8":"first","9":"instock","10":"shipping-taxable","11":"purchasable","12":"product-type-simple"},"_links":{"self":[{"href":"https:\/\/ilmoliulampar.is\/en_gb\/wp-json\/wp\/v2\/product\/63885","targetHints":{"allow":["GET"]}}],"collection":[{"href":"https:\/\/ilmoliulampar.is\/en_gb\/wp-json\/wp\/v2\/product"}],"about":[{"href":"https:\/\/ilmoliulampar.is\/en_gb\/wp-json\/wp\/v2\/types\/product"}],"replies":[{"embeddable":true,"href":"https:\/\/ilmoliulampar.is\/en_gb\/wp-json\/wp\/v2\/comments?post=63885"}],"wp:featuredmedia":[{"embeddable":true,"href":"https:\/\/ilmoliulampar.is\/en_gb\/wp-json\/wp\/v2\/media\/63886"}],"wp:attachment":[{"href":"https:\/\/ilmoliulampar.is\/en_gb\/wp-json\/wp\/v2\/media?parent=63885"}],"wp:term":[{"taxonomy":"product_brand","embeddable":true,"href":"https:\/\/ilmoliulampar.is\/en_gb\/wp-json\/wp\/v2\/product_brand?post=63885"},{"taxonomy":"product_cat","embeddable":true,"href":"https:\/\/ilmoliulampar.is\/en_gb\/wp-json\/wp\/v2\/product_cat?post=63885"},{"taxonomy":"product_tag","embeddable":true,"href":"https:\/\/ilmoliulampar.is\/en_gb\/wp-json\/wp\/v2\/product_tag?post=63885"}],"curies":[{"name":"wp","href":"https:\/\/api.w.org\/{rel}","templated":true}]}}