{"id":64014,"date":"2025-06-27T13:23:16","date_gmt":"2025-06-27T13:23:16","guid":{"rendered":"https:\/\/ilmoliulampar.is\/?post_type=product&#038;p=64014"},"modified":"2026-02-02T13:09:29","modified_gmt":"2026-02-02T13:09:29","slug":"eyeliner-2-litir","status":"publish","type":"product","link":"https:\/\/ilmoliulampar.is\/en_gb\/product\/eyeliner-2-litir\/","title":{"rendered":"Eco by Sonya &#8211; Eyeliner &#8211; 2 LITIR"},"content":{"rendered":"","protected":false},"excerpt":{"rendered":"<p>Leitin a\u00f0 fullkomna augnbl\u00fdantinum er loki\u00f0!<\/p>\n<p>Hvort sem \u00fe\u00fa vilt n\u00e1 sk\u00f6rpu og vel skilgreindu kattarauga e\u00f0 l\u00e9ttri dagsf\u00f6r\u00f0un, \u00fe\u00e1 er \u00feessi fj\u00f6lh\u00e6fi og au\u00f0blandanlegi gel-augnbl\u00fdantur \u00f3missandi \u00ed snyrtiveski\u00f0 \u00feitt!<br \/>\nSlepptu yddaranum \u2013 \u00feessi sn\u00faningsbl\u00fdantur er einfaldur \u00ed notkun og tryggir \u00e1reynslulausa \u00e1setningu \u00ed hvert einasta skipti.<\/p>\n<p>H\u00e9r er \u00e1st\u00e6\u00f0an fyrir \u00fev\u00ed a\u00f0 vi\u00f0 elskum hann:<\/p>\n<ul>\n<li>Vatnsheldur og endingarg\u00f3\u00f0ur \u2013 helst \u00e1 s\u00ednum sta\u00f0 allan daginn<\/li>\n<li>\u00a0Hrein form\u00fala me\u00f0 n\u00e1tt\u00farulegum, n\u00e6randi innihaldsefnum sem eru mild fyrir vi\u00f0kv\u00e6ma h\u00fa\u00f0 og augu<\/li>\n<li>Mj\u00f6g litsterkur<\/li>\n<li>Kremu\u00f0 gel-\u00e1fer\u00f0 sem rennur mj\u00faklega yfir augnlokin og er au\u00f0veld \u00ed bl\u00f6ndun<\/li>\n<\/ul>\n<p>F\u00e6st \u00ed tveimur afar litsterkum litum: sv\u00f6rtum og br\u00fanum.<\/p>\n<p>Notkun:<br \/>\nDrag\u00f0u l\u00ednu me\u00f0fram augnh\u00e1ral\u00ednunni. Blanda\u00f0u \u00fat me\u00f0 bursta fyrir reyktan augnfar\u00f0a. Skr\u00fafa\u00f0u bl\u00fdantinn ni\u00f0ur\u00a0 \u2013 loka\u00f0u lokinu vel eftir notkun.<\/p>\n<p>Innihald:<\/p>\n<p><strong>Eyeliner Perfect Black<\/strong><br \/>\nMethyl Trimethicone, Oryza Sativa (Rice) Bran Wax \/ Oryza Sativa Bran Cera, Trimethylsiloxysilicate, Octyldodecanol, Acrylates\/Dimethicone Copolymer, Disteardimonium Hectorite, Pentaerythrityl Tetra-Di-T-Butyl Hydroxyhydrocinnamate, Propylene Carbonate, Iron Oxides (CI 77499), Ferric Ammonium Ferrocyanide (CI 77510).<\/p>\n<p><strong>Eyeliner Rich Brown<\/strong><br \/>\nMethyl Trimethicone, Oryza Sativa (Rice) Bran Wax \/ Oryza Sativa Bran Cera, Trimethylsiloxysilicate, Octyldodecanol, Acrylates\/Dimethicone Copolymer, Synthetic Fluorphlogopite, Disteardimonium Hectorite, Pentaerythrityl Tetra-Di-T-Butyl Hydroxyhydrocinnamate, Propylene Carbonate, Iron Oxides (CI 77499, CI 77491, CI 77492).<\/p>\n<p>&nbsp;<\/p>\n<p>\ud83c\udf3f Hrein vara | \ud83d\udcaa \u00d6flug | \ud83d\ude0a H\u00fa\u00f0arv\u00e6n | \ud83c\udf31 Vegan | \ud83d\udc30 D\u00fdrav\u00e6n (Cruelty-Free)<\/p>","protected":false},"featured_media":64021,"comment_status":"closed","ping_status":"closed","template":"","meta":[],"product_brand":[],"product_cat":[192,129],"product_tag":[],"class_list":{"0":"post-64014","1":"product","2":"type-product","3":"status-publish","4":"has-post-thumbnail","6":"product_cat-eco-by-sonia","7":"product_cat-eco-by-sonya","9":"first","10":"instock","11":"shipping-taxable","12":"purchasable","13":"product-type-variable"},"_links":{"self":[{"href":"https:\/\/ilmoliulampar.is\/en_gb\/wp-json\/wp\/v2\/product\/64014","targetHints":{"allow":["GET"]}}],"collection":[{"href":"https:\/\/ilmoliulampar.is\/en_gb\/wp-json\/wp\/v2\/product"}],"about":[{"href":"https:\/\/ilmoliulampar.is\/en_gb\/wp-json\/wp\/v2\/types\/product"}],"replies":[{"embeddable":true,"href":"https:\/\/ilmoliulampar.is\/en_gb\/wp-json\/wp\/v2\/comments?post=64014"}],"wp:featuredmedia":[{"embeddable":true,"href":"https:\/\/ilmoliulampar.is\/en_gb\/wp-json\/wp\/v2\/media\/64021"}],"wp:attachment":[{"href":"https:\/\/ilmoliulampar.is\/en_gb\/wp-json\/wp\/v2\/media?parent=64014"}],"wp:term":[{"taxonomy":"product_brand","embeddable":true,"href":"https:\/\/ilmoliulampar.is\/en_gb\/wp-json\/wp\/v2\/product_brand?post=64014"},{"taxonomy":"product_cat","embeddable":true,"href":"https:\/\/ilmoliulampar.is\/en_gb\/wp-json\/wp\/v2\/product_cat?post=64014"},{"taxonomy":"product_tag","embeddable":true,"href":"https:\/\/ilmoliulampar.is\/en_gb\/wp-json\/wp\/v2\/product_tag?post=64014"}],"curies":[{"name":"wp","href":"https:\/\/api.w.org\/{rel}","templated":true}]}}