{"id":64025,"date":"2025-06-27T14:39:17","date_gmt":"2025-06-27T14:39:17","guid":{"rendered":"https:\/\/ilmoliulampar.is\/?post_type=product&#038;p=64025"},"modified":"2026-01-27T13:18:48","modified_gmt":"2026-01-27T13:18:48","slug":"fresh-linen-ilmstangir-2-staerdir","status":"publish","type":"product","link":"https:\/\/ilmoliulampar.is\/en_gb\/product\/fresh-linen-ilmstangir-2-staerdir\/","title":{"rendered":"Fresh Linen &#8211; ilmstangir &#8211; 2 st\u00e6r\u00f0ir"},"content":{"rendered":"","protected":false},"excerpt":{"rendered":"<p>Fresh Linen fr\u00e1 Made by Zen<br \/>\n\u00d3tr\u00falega ferskur ilmur, minnir \u00e1 n\u00fd \u00feveginn \u00fevott sem er b\u00fainn a\u00f0 hanga \u00fati \u00e1 sn\u00faru.<br \/>\nFullkominn heimilis ilmur.<\/p>\n<p>NOTES: Tuberose, Lily, Oak, Orange Blossom &amp; Fruit<\/p>\n<p>&nbsp;<\/p>","protected":false},"featured_media":64031,"comment_status":"closed","ping_status":"closed","template":"","meta":[],"product_brand":[],"product_cat":[123,200,180],"product_tag":[],"class_list":{"0":"post-64025","1":"product","2":"type-product","3":"status-publish","4":"has-post-thumbnail","6":"product_cat-ilmstangir","7":"product_cat-ilmstangir-oliur","8":"product_cat-ilmvorur","10":"first","11":"instock","12":"shipping-taxable","13":"purchasable","14":"product-type-variable"},"_links":{"self":[{"href":"https:\/\/ilmoliulampar.is\/en_gb\/wp-json\/wp\/v2\/product\/64025","targetHints":{"allow":["GET"]}}],"collection":[{"href":"https:\/\/ilmoliulampar.is\/en_gb\/wp-json\/wp\/v2\/product"}],"about":[{"href":"https:\/\/ilmoliulampar.is\/en_gb\/wp-json\/wp\/v2\/types\/product"}],"replies":[{"embeddable":true,"href":"https:\/\/ilmoliulampar.is\/en_gb\/wp-json\/wp\/v2\/comments?post=64025"}],"wp:featuredmedia":[{"embeddable":true,"href":"https:\/\/ilmoliulampar.is\/en_gb\/wp-json\/wp\/v2\/media\/64031"}],"wp:attachment":[{"href":"https:\/\/ilmoliulampar.is\/en_gb\/wp-json\/wp\/v2\/media?parent=64025"}],"wp:term":[{"taxonomy":"product_brand","embeddable":true,"href":"https:\/\/ilmoliulampar.is\/en_gb\/wp-json\/wp\/v2\/product_brand?post=64025"},{"taxonomy":"product_cat","embeddable":true,"href":"https:\/\/ilmoliulampar.is\/en_gb\/wp-json\/wp\/v2\/product_cat?post=64025"},{"taxonomy":"product_tag","embeddable":true,"href":"https:\/\/ilmoliulampar.is\/en_gb\/wp-json\/wp\/v2\/product_tag?post=64025"}],"curies":[{"name":"wp","href":"https:\/\/api.w.org\/{rel}","templated":true}]}}