{"id":64108,"date":"2025-07-02T12:00:19","date_gmt":"2025-07-02T12:00:19","guid":{"rendered":"https:\/\/ilmoliulampar.is\/?post_type=product&#038;p=64108"},"modified":"2026-02-03T15:20:34","modified_gmt":"2026-02-03T15:20:34","slug":"advanced-2-0ml-3-man","status":"publish","type":"product","link":"https:\/\/ilmoliulampar.is\/en_gb\/product\/advanced-2-0ml-3-man\/","title":{"rendered":"Revitalash &#8211; Advanced Augnh\u00e1raserum 2.0 ml (3 m\u00e1n)"},"content":{"rendered":"","protected":false},"excerpt":{"rendered":"<p>RevitaLash\u00ae Advanced augnh\u00e1raserum 2 ml (3 m\u00e1na\u00f0a skammtur). Serum sem hefur slegi\u00f0 \u00ed gegn og er margver\u00f0launa\u00f0, h\u00e1\u00fer\u00f3a\u00f0 og fyrsta sinnar tegundar \u00ed s\u00ednum flokki. N\u00e6rir, styrkir og gerir augnh\u00e1rin fallegri og t\u00f6frandi. Eina augnh\u00e1raserumi\u00f0 sem er me\u00f0 \u201eCurl Effect&#8220; sem \u00fe\u00fd\u00f0ir a\u00f0 augnh\u00e1rin munu brettast upp og ver\u00f0a \u00f3m\u00f3tst\u00e6\u00f0ileg. \u00der\u00f3a\u00f0 af augnl\u00e6knum og pr\u00f3fa\u00f0 af augn- og h\u00fa\u00f0l\u00e6knum. Ilmefnalaust og ol\u00edulaust og m\u00e1 nota me\u00f0 augnh\u00e1ralengingum.<\/p>","protected":false},"featured_media":64110,"comment_status":"closed","ping_status":"closed","template":"","meta":[],"product_brand":[],"product_cat":[216],"product_tag":[],"class_list":{"0":"post-64108","1":"product","2":"type-product","3":"status-publish","4":"has-post-thumbnail","6":"product_cat-revitalash-2","8":"first","9":"instock","10":"shipping-taxable","11":"purchasable","12":"product-type-simple"},"_links":{"self":[{"href":"https:\/\/ilmoliulampar.is\/en_gb\/wp-json\/wp\/v2\/product\/64108","targetHints":{"allow":["GET"]}}],"collection":[{"href":"https:\/\/ilmoliulampar.is\/en_gb\/wp-json\/wp\/v2\/product"}],"about":[{"href":"https:\/\/ilmoliulampar.is\/en_gb\/wp-json\/wp\/v2\/types\/product"}],"replies":[{"embeddable":true,"href":"https:\/\/ilmoliulampar.is\/en_gb\/wp-json\/wp\/v2\/comments?post=64108"}],"wp:featuredmedia":[{"embeddable":true,"href":"https:\/\/ilmoliulampar.is\/en_gb\/wp-json\/wp\/v2\/media\/64110"}],"wp:attachment":[{"href":"https:\/\/ilmoliulampar.is\/en_gb\/wp-json\/wp\/v2\/media?parent=64108"}],"wp:term":[{"taxonomy":"product_brand","embeddable":true,"href":"https:\/\/ilmoliulampar.is\/en_gb\/wp-json\/wp\/v2\/product_brand?post=64108"},{"taxonomy":"product_cat","embeddable":true,"href":"https:\/\/ilmoliulampar.is\/en_gb\/wp-json\/wp\/v2\/product_cat?post=64108"},{"taxonomy":"product_tag","embeddable":true,"href":"https:\/\/ilmoliulampar.is\/en_gb\/wp-json\/wp\/v2\/product_tag?post=64108"}],"curies":[{"name":"wp","href":"https:\/\/api.w.org\/{rel}","templated":true}]}}