{"id":64284,"date":"2025-07-21T11:30:06","date_gmt":"2025-07-21T11:30:06","guid":{"rendered":"https:\/\/ilmoliulampar.is\/?post_type=product&#038;p=64284"},"modified":"2025-07-30T17:08:38","modified_gmt":"2025-07-30T17:08:38","slug":"sandalvidur-sandalwood","status":"publish","type":"product","link":"https:\/\/ilmoliulampar.is\/en_gb\/product\/sandalvidur-sandalwood\/","title":{"rendered":"Sandalvi\u00f0ur\/Sandalwood"},"content":{"rendered":"","protected":false},"excerpt":{"rendered":"<p style=\"font-weight: 400;\">Sandalvi\u00f0ur\u00a0 (Sandalwood &#8211;<em>Santalum spicatum)<\/em><\/p>\n<p style=\"font-weight: 400;\">A\u00f0alvirkni sandalvi\u00f0arol\u00edu er s\u00fa a\u00f0 h\u00fan er hvort tveggja \u00ed senn slakandi og streitulosandi. H\u00fan r\u00f3ar l\u00edka og kemur jafnv\u00e6gi \u00e1 taugakerfi\u00f0, h\u00fan hefur mj\u00f6g g\u00f3\u00f0 \u00e1hrif \u00e1 h\u00fa\u00f0ina \u00e1samt \u00fev\u00ed a\u00f0 n\u00e6ra hana vel. Getur haft g\u00f3\u00f0 \u00e1hrif \u00e1 unglingab\u00f3lur vegna s\u00f3tthreinsandi og b\u00f3lguey\u00f0andi eiginleika, h\u00fan \u00e6tti l\u00edka a\u00f0 draga \u00far kl\u00e1\u00f0a.<\/p>\n<p style=\"font-weight: 400;\">Sandalvi\u00f0ur blandast vel me\u00f0 bergamot, sv\u00f6rtum pipar, geranium, lavender, myrru, r\u00f3s, vetiver og Ylang ylang.<\/p>\n<p style=\"font-weight: 400;\">Sandalwood hefur veri\u00f0 notu\u00f0 \u00ed \u00fe\u00fasundir \u00e1ra til l\u00e6kninga hj\u00e1 frumbyggjum.<\/p>\n<p style=\"font-weight: 400;\"><strong>Notkun<\/strong><\/p>\n<p style=\"font-weight: 400;\">\u00a0Fyrir ilmol\u00edulampa er gott a\u00f0 byrja \u00e1 3-4 dropum og auka svo eftir \u00fe\u00f6rfum. H\u00e6gt er a\u00f0 setja ol\u00eduna \u00ed ilmol\u00edubrennara, setja \u00fe\u00e1 3-5 dropa af ol\u00edunni \u00ed vatn \u00e1\u00f0ur en kveikt er \u00e1 kertinu undir. Einnig m\u00e1 setja 1-2 dropa \u00ed l\u00f3fana, nudda l\u00f3funum saman og anda ol\u00edunni \u00feannig beint a\u00f0 s\u00e9r til a\u00f0 r\u00f3a taugakerfi\u00f0. Sandalvi\u00f0 m\u00e1 l\u00edka blanda \u00ed grunnol\u00edu til a\u00f0 nota \u00ed l\u00edkamsnudd e\u00f0a \u00fat \u00ed ba\u00f0i\u00f0 fyrir r\u00f3andi og n\u00e6randi upplifun. Tilvali\u00f0 a\u00f0 setja 20 dropa af Ilmkjarnaol\u00edu \u00fat \u00ed 100 ml af grunnol\u00edu. Veistu, a\u00f0 \u00fea\u00f0 er l\u00edka fr\u00e1b\u00e6rt a\u00f0 b\u00e6ta nokkrum dropum af Sandalvi\u00f0 \u00fat \u00ed andlitskremi\u00f0 fyrir aukna n\u00e6ringu og jafnv\u00e6gi fyrir h\u00fa\u00f0ina.<\/p>\n<p style=\"font-weight: 400;\"><strong>Var\u00fa\u00f0<\/strong><\/p>\n<p style=\"font-weight: 400;\">Til a\u00f0 for\u00f0ast ertingu e\u00f0a ofn\u00e6misvi\u00f0br\u00f6g\u00f0 er gott a\u00f0 setja einn dropa af ilmkjarnaol\u00edunni beint \u00e1 h\u00fa\u00f0ina til a\u00f0 sj\u00e1 hvernig h\u00fan bregst vi\u00f0 en vi\u00f0 m\u00e6lum me\u00f0 a\u00f0 blanda alltaf ilmkjarnaol\u00edum \u00fat \u00ed grunnol\u00edu \u00e1\u00f0ur en h\u00fan er borin \u00e1 h\u00fa\u00f0 til a\u00f0 for\u00f0ast ertingu.\u00a0 Geymi\u00f0 ilmkjarnaol\u00eduna \u00fear sem b\u00f6rn n\u00e1 ekki til og fjarri s\u00f3larlj\u00f3si. Ef ol\u00edan berst \u00ed augu er best a\u00f0 setja t.d. \u00f3l\u00edfuol\u00edu fyrst \u00ed auga\u00f0 og skola s\u00ed\u00f0an me\u00f0 vatni. Leiti\u00f0 til l\u00e6knis ef erting h\u00e6ttir ekki.\u00a0 Ol\u00edan er eing\u00f6ngu \u00e6tlu\u00f0 til \u00fatvortis notkunar.<\/p>\n<p style=\"font-weight: 400;\">Ef \u00fe\u00fa vilt f\u00e1 frekari vitneskju um eiginleika ilmkjarnaol\u00edunnar \u00fe\u00e1 er best a\u00f0 hafa samband vi\u00f0 ilmkjarnaol\u00edu fr\u00e6\u00f0ing.<\/p>","protected":false},"featured_media":64282,"comment_status":"closed","ping_status":"closed","template":"","meta":[],"product_brand":[],"product_cat":[196,224,180],"product_tag":[],"class_list":{"0":"post-64284","1":"product","2":"type-product","3":"status-publish","4":"has-post-thumbnail","6":"product_cat-ilmkjarnaoliur","7":"product_cat-ilmkjarnaoliur-oliur","8":"product_cat-ilmvorur","10":"first","11":"instock","12":"shipping-taxable","13":"purchasable","14":"product-type-simple"},"_links":{"self":[{"href":"https:\/\/ilmoliulampar.is\/en_gb\/wp-json\/wp\/v2\/product\/64284","targetHints":{"allow":["GET"]}}],"collection":[{"href":"https:\/\/ilmoliulampar.is\/en_gb\/wp-json\/wp\/v2\/product"}],"about":[{"href":"https:\/\/ilmoliulampar.is\/en_gb\/wp-json\/wp\/v2\/types\/product"}],"replies":[{"embeddable":true,"href":"https:\/\/ilmoliulampar.is\/en_gb\/wp-json\/wp\/v2\/comments?post=64284"}],"wp:featuredmedia":[{"embeddable":true,"href":"https:\/\/ilmoliulampar.is\/en_gb\/wp-json\/wp\/v2\/media\/64282"}],"wp:attachment":[{"href":"https:\/\/ilmoliulampar.is\/en_gb\/wp-json\/wp\/v2\/media?parent=64284"}],"wp:term":[{"taxonomy":"product_brand","embeddable":true,"href":"https:\/\/ilmoliulampar.is\/en_gb\/wp-json\/wp\/v2\/product_brand?post=64284"},{"taxonomy":"product_cat","embeddable":true,"href":"https:\/\/ilmoliulampar.is\/en_gb\/wp-json\/wp\/v2\/product_cat?post=64284"},{"taxonomy":"product_tag","embeddable":true,"href":"https:\/\/ilmoliulampar.is\/en_gb\/wp-json\/wp\/v2\/product_tag?post=64284"}],"curies":[{"name":"wp","href":"https:\/\/api.w.org\/{rel}","templated":true}]}}