{"id":64286,"date":"2025-07-21T12:38:26","date_gmt":"2025-07-21T12:38:26","guid":{"rendered":"https:\/\/ilmoliulampar.is\/?post_type=product&#038;p=64286"},"modified":"2025-07-30T17:08:07","modified_gmt":"2025-07-30T17:08:07","slug":"jasmine","status":"publish","type":"product","link":"https:\/\/ilmoliulampar.is\/en_gb\/product\/jasmine\/","title":{"rendered":"Jasmine"},"content":{"rendered":"","protected":false},"excerpt":{"rendered":"<p style=\"font-weight: 400;\">Innihald: Jasm\u00edn ilmkjarnaol\u00eda<\/p>\n<p style=\"font-weight: 400;\">S\u00e6tur, hl\u00fdr og slakandi ilmur sem skapar dul\u00fa\u00f0lega r\u00f3mant\u00edska og muna\u00f0arfulla stemmimgu.<br \/>\nJasm\u00edn ilmkjarnaol\u00edu m\u00e1 nota \u00e1 allar h\u00fa\u00f0tegundir og getur h\u00fan hj\u00e1lpa\u00f0 til vi\u00f0 a\u00f0 minnka b\u00f3lumyndun, jafna\u00f0 h\u00fa\u00f0t\u00f3ninn, unni\u00f0 \u00e1 m\u00f3ti \u00f6ldrun h\u00fa\u00f0ar og auka heilbrig\u00f0i h\u00fa\u00f0arinnar. Jasmin er fr\u00e1b\u00e6r \u00ed h\u00e1ri\u00f0 til a\u00f0 n\u00e6ra \u00fea\u00f0 og m\u00fdkja.<br \/>\n\u00dea\u00f0 er tala\u00f0 um a\u00f0 Jasm\u00edn ol\u00edan s\u00e9 s\u00e9rstaklega g\u00f3\u00f0 fyrir konur \u00e1 breytingarskei\u00f0inu og l\u00edka a\u00f0 h\u00fan gagnist vel vi\u00f0 kv\u00ed\u00f0a og \u00feunglyndi<br \/>\nJasm\u00edn blandast s\u00e9rstaklega vel me\u00f0 r\u00f3sa ol\u00edu, sandalvi\u00f0, clary sage og \u00f6llum s\u00edtrus ol\u00edum.<\/p>\n<p style=\"font-weight: 400;\"><strong>Notkun:<\/strong><br \/>\nFyrir ilmol\u00edulampa er gott a\u00f0 byrja \u00e1 3-5 dropum og auka svo magni\u00f0 eins og hverjum og einum finnst vi\u00f0 h\u00e6fi. \u00dea\u00f0 m\u00e1 setja hana \u00ed ilmol\u00edubrennara, \u00fe\u00e1 eru settir 3-5 dropar \u00ed vatni\u00f0 og svo kveikt \u00e1 kerti undir.<br \/>\nFyrir l\u00edkamsol\u00edu \u00fe\u00e1 er gott a\u00f0 setja 20 dropa af ilmkjarnaol\u00edu \u00fat \u00ed 100 ml af grunnol\u00edu.<\/p>\n<p style=\"font-weight: 400;\"><strong>Var\u00fa\u00f0:<\/strong><br \/>\nTil a\u00f0 for\u00f0ast ertingu e\u00f0a ofn\u00e6misvi\u00f0br\u00f6g\u00f0 er gott a\u00f0 setja einn dropa af ilmkjarnaol\u00edunni beint \u00e1 h\u00fa\u00f0ina til a\u00f0 sj\u00e1 hvernig h\u00fan bregst vi\u00f0 en vi\u00f0 m\u00e6lum me\u00f0 a\u00f0 blanda alltaf ilmkjarnaol\u00edum \u00fat \u00ed grunnol\u00edu \u00e1\u00f0ur en h\u00fan er borin \u00e1 h\u00fa\u00f0 til a\u00f0 for\u00f0ast ertingu. Geymi\u00f0 ilmkjarnaol\u00eduna \u00fear sem b\u00f6rn n\u00e1 ekki til og fjarri s\u00f3larlj\u00f3si. Ef ol\u00edan berst \u00ed augu er best a\u00f0 setja t.d. \u00f3l\u00edfuol\u00edu fyrst \u00ed auga\u00f0 og skola s\u00ed\u00f0an me\u00f0 vatni. Leiti\u00f0 til l\u00e6knis ef erting h\u00e6ttir ekki. Ol\u00edan er eing\u00f6ngu \u00e6tlu\u00f0 til \u00fatvortis notkunar.<\/p>\n<p style=\"font-weight: 400;\">Ef \u00fe\u00fa vilt n\u00e1nari uppl um ilmkjarnaol\u00eduna \u00fe\u00e1 er best a\u00f0 hafa samb vi\u00f0 ilmkjarnaol\u00edufr\u00e6\u00f0ing.<\/p>\n<p style=\"font-weight: 400;\">","protected":false},"featured_media":64288,"comment_status":"closed","ping_status":"closed","template":"","meta":[],"product_brand":[],"product_cat":[196,224,180],"product_tag":[],"class_list":{"0":"post-64286","1":"product","2":"type-product","3":"status-publish","4":"has-post-thumbnail","6":"product_cat-ilmkjarnaoliur","7":"product_cat-ilmkjarnaoliur-oliur","8":"product_cat-ilmvorur","10":"first","11":"instock","12":"shipping-taxable","13":"purchasable","14":"product-type-simple"},"_links":{"self":[{"href":"https:\/\/ilmoliulampar.is\/en_gb\/wp-json\/wp\/v2\/product\/64286","targetHints":{"allow":["GET"]}}],"collection":[{"href":"https:\/\/ilmoliulampar.is\/en_gb\/wp-json\/wp\/v2\/product"}],"about":[{"href":"https:\/\/ilmoliulampar.is\/en_gb\/wp-json\/wp\/v2\/types\/product"}],"replies":[{"embeddable":true,"href":"https:\/\/ilmoliulampar.is\/en_gb\/wp-json\/wp\/v2\/comments?post=64286"}],"wp:featuredmedia":[{"embeddable":true,"href":"https:\/\/ilmoliulampar.is\/en_gb\/wp-json\/wp\/v2\/media\/64288"}],"wp:attachment":[{"href":"https:\/\/ilmoliulampar.is\/en_gb\/wp-json\/wp\/v2\/media?parent=64286"}],"wp:term":[{"taxonomy":"product_brand","embeddable":true,"href":"https:\/\/ilmoliulampar.is\/en_gb\/wp-json\/wp\/v2\/product_brand?post=64286"},{"taxonomy":"product_cat","embeddable":true,"href":"https:\/\/ilmoliulampar.is\/en_gb\/wp-json\/wp\/v2\/product_cat?post=64286"},{"taxonomy":"product_tag","embeddable":true,"href":"https:\/\/ilmoliulampar.is\/en_gb\/wp-json\/wp\/v2\/product_tag?post=64286"}],"curies":[{"name":"wp","href":"https:\/\/api.w.org\/{rel}","templated":true}]}}