{"id":64289,"date":"2025-07-21T13:03:52","date_gmt":"2025-07-21T13:03:52","guid":{"rendered":"https:\/\/ilmoliulampar.is\/?post_type=product&#038;p=64289"},"modified":"2026-02-10T12:29:26","modified_gmt":"2026-02-10T12:29:26","slug":"vanilla-mjuk-og-hly","status":"publish","type":"product","link":"https:\/\/ilmoliulampar.is\/en_gb\/product\/vanilla-mjuk-og-hly\/","title":{"rendered":"Vanilla mj\u00fak og hl\u00fd"},"content":{"rendered":"","protected":false},"excerpt":{"rendered":"<p style=\"font-weight: 400;\">Ekta vanilla, mj\u00fak, hl\u00fd og alls ekki v\u00e6min. Skapar hl\u00fdlegt, afslappa\u00f0 umhverfi, n\u00e1nast \u00f3m\u00f3tst\u00e6\u00f0ilegt. Leyf\u00f0u \u00fe\u00e9r a\u00f0 heillast a\u00f0 \u00f3m\u00f3tst\u00e6\u00f0ilegum eiginleikum hennar.<\/p>\n<p style=\"font-weight: 400;\">\u00dea\u00f0 sem meira er h\u00fan getur haft kyn\u00f6rvandi eiginleika.<\/p>\n<p style=\"font-weight: 400;\">Settu 3-5 dropa \u00ed ilmol\u00edulampa til a\u00f0 byrja me\u00f0, svo fer \u00fea\u00f0 eftir hverjum og einum hvort \u00fe\u00fa vilt b\u00e6ta vi\u00f0. \u00de\u00fa getur l\u00edka sett 3-5 dropa \u00ed vatn \u00ed kertahitara.<\/p>\n<p><span style=\"font-weight: 400;\">\u00deessi vanilla ilmkjarnaol\u00eda er fr\u00e1 Madagaskar<\/span><\/p>","protected":false},"featured_media":64290,"comment_status":"closed","ping_status":"closed","template":"","meta":[],"product_brand":[],"product_cat":[196,224,180,209],"product_tag":[],"class_list":{"0":"post-64289","1":"product","2":"type-product","3":"status-publish","4":"has-post-thumbnail","6":"product_cat-ilmkjarnaoliur","7":"product_cat-ilmkjarnaoliur-oliur","8":"product_cat-ilmvorur","9":"product_cat-nyjar-oliur-oliur","11":"first","12":"instock","13":"shipping-taxable","14":"purchasable","15":"product-type-simple"},"_links":{"self":[{"href":"https:\/\/ilmoliulampar.is\/en_gb\/wp-json\/wp\/v2\/product\/64289","targetHints":{"allow":["GET"]}}],"collection":[{"href":"https:\/\/ilmoliulampar.is\/en_gb\/wp-json\/wp\/v2\/product"}],"about":[{"href":"https:\/\/ilmoliulampar.is\/en_gb\/wp-json\/wp\/v2\/types\/product"}],"replies":[{"embeddable":true,"href":"https:\/\/ilmoliulampar.is\/en_gb\/wp-json\/wp\/v2\/comments?post=64289"}],"wp:featuredmedia":[{"embeddable":true,"href":"https:\/\/ilmoliulampar.is\/en_gb\/wp-json\/wp\/v2\/media\/64290"}],"wp:attachment":[{"href":"https:\/\/ilmoliulampar.is\/en_gb\/wp-json\/wp\/v2\/media?parent=64289"}],"wp:term":[{"taxonomy":"product_brand","embeddable":true,"href":"https:\/\/ilmoliulampar.is\/en_gb\/wp-json\/wp\/v2\/product_brand?post=64289"},{"taxonomy":"product_cat","embeddable":true,"href":"https:\/\/ilmoliulampar.is\/en_gb\/wp-json\/wp\/v2\/product_cat?post=64289"},{"taxonomy":"product_tag","embeddable":true,"href":"https:\/\/ilmoliulampar.is\/en_gb\/wp-json\/wp\/v2\/product_tag?post=64289"}],"curies":[{"name":"wp","href":"https:\/\/api.w.org\/{rel}","templated":true}]}}