{"id":64298,"date":"2025-07-21T16:23:14","date_gmt":"2025-07-21T16:23:14","guid":{"rendered":"https:\/\/ilmoliulampar.is\/?post_type=product&#038;p=64298"},"modified":"2025-07-30T17:45:03","modified_gmt":"2025-07-30T17:45:03","slug":"cinnamon-kanill","status":"publish","type":"product","link":"https:\/\/ilmoliulampar.is\/en_gb\/product\/cinnamon-kanill\/","title":{"rendered":"Cinnamon\/Kanill"},"content":{"rendered":"","protected":false},"excerpt":{"rendered":"<p style=\"font-weight: 400;\">Cinnamon\/Kanill er vel \u00feekkt krydd, miki\u00f0 nota\u00f0 ekki a\u00f0eins \u00ed matarger\u00f0 heldur einnig \u00ed l\u00e6kningaskyni, hef\u00f0bundinni l\u00e6kningu og n\u00e1tt\u00farulyfjum.<\/p>\n<p style=\"font-weight: 400;\">\u00deessi ilmkjarnaol\u00eda er unnin \u00far litlu s\u00edgr\u00e6nu tr\u00e9 sem kallast Cinnamomum Zeylanicum. B\u00f6rkur tr\u00e9sins er gufueima\u00f0ur til a\u00f0 framlei\u00f0a ol\u00eduna, sem er nokku\u00f0 t\u00edmafrekt.<\/p>\n<p style=\"font-weight: 400;\">Cinnamon er \u00feekkt fyrir a\u00f0 hafa andoxunareiginleika sem gera hana gagnlega fyrir \u00f3t\u00edmab\u00e6ra \u00f6ldrun h\u00fa\u00f0ar.<\/p>\n<p style=\"font-weight: 400;\">Cinnamon er v\u00ed\u00f0a notu\u00f0 \u00ed ilmme\u00f0fer\u00f0ir, h\u00fan \u00f6rvar skynf\u00e6rin og hvetur til sk\u00f6punar.<\/p>\n<p style=\"font-weight: 400;\"><strong>Notkun:<\/strong><br \/>\nFyrir ilmol\u00edulampa er gott a\u00f0 byrja \u00e1 3-5 dropum og auka svo magni\u00f0 eins og hverjum og einum finnst vi\u00f0 h\u00e6fi. \u00dea\u00f0 m\u00e1 setja hana \u00ed ilmol\u00edubrennara, \u00fe\u00e1 eru settir 3-5 dropar \u00ed vatni\u00f0 og svo kveikt \u00e1 kerti undir.<br \/>\nFyrir l\u00edkamsol\u00edu \u00fe\u00e1 er gott a\u00f0 setja 20 dropa af ilmkjarnaol\u00edu \u00fat \u00ed 100 ml af grunnol\u00edu.<\/p>\n<p style=\"font-weight: 400;\"><strong>Var\u00fa\u00f0:<\/strong><br \/>\nTil a\u00f0 for\u00f0ast ertingu e\u00f0a ofn\u00e6misvi\u00f0br\u00f6g\u00f0 er gott a\u00f0 setja einn dropa af ilmkjarnaol\u00edunni beint \u00e1 h\u00fa\u00f0ina til a\u00f0 sj\u00e1 hvernig h\u00fan bregst vi\u00f0 en vi\u00f0 m\u00e6lum me\u00f0 a\u00f0 blanda alltaf ilmkjarnaol\u00edum \u00fat \u00ed grunnol\u00edu \u00e1\u00f0ur en h\u00fan er borin \u00e1 h\u00fa\u00f0 til a\u00f0 for\u00f0ast ertingu. Geymi\u00f0 ilmkjarnaol\u00eduna \u00fear sem b\u00f6rn n\u00e1 ekki til og fjarri s\u00f3larlj\u00f3si. Ef ol\u00edan berst \u00ed augu er best a\u00f0 setja t.d. \u00f3l\u00edfuol\u00edu fyrst \u00ed auga\u00f0 og skola s\u00ed\u00f0an me\u00f0 vatni. Leiti\u00f0 til l\u00e6knis ef erting h\u00e6ttir ekki. Ol\u00edan er eing\u00f6ngu \u00e6tlu\u00f0 til \u00fatvortis notkunar.<\/p>\n<p style=\"font-weight: 400;\">Ef \u00fe\u00fa vilt n\u00e1nari uppl um ilmkjarnaol\u00eduna \u00fe\u00e1 er best a\u00f0 hafa samb vi\u00f0 ilmkjarnaol\u00edufr\u00e6\u00f0ing.<\/p>\n<p style=\"font-weight: 400;\">","protected":false},"featured_media":64299,"comment_status":"closed","ping_status":"closed","template":"","meta":[],"product_brand":[],"product_cat":[196,180],"product_tag":[],"class_list":{"0":"post-64298","1":"product","2":"type-product","3":"status-publish","4":"has-post-thumbnail","6":"product_cat-ilmkjarnaoliur","7":"product_cat-ilmvorur","9":"first","10":"instock","11":"shipping-taxable","12":"purchasable","13":"product-type-simple"},"_links":{"self":[{"href":"https:\/\/ilmoliulampar.is\/en_gb\/wp-json\/wp\/v2\/product\/64298","targetHints":{"allow":["GET"]}}],"collection":[{"href":"https:\/\/ilmoliulampar.is\/en_gb\/wp-json\/wp\/v2\/product"}],"about":[{"href":"https:\/\/ilmoliulampar.is\/en_gb\/wp-json\/wp\/v2\/types\/product"}],"replies":[{"embeddable":true,"href":"https:\/\/ilmoliulampar.is\/en_gb\/wp-json\/wp\/v2\/comments?post=64298"}],"wp:featuredmedia":[{"embeddable":true,"href":"https:\/\/ilmoliulampar.is\/en_gb\/wp-json\/wp\/v2\/media\/64299"}],"wp:attachment":[{"href":"https:\/\/ilmoliulampar.is\/en_gb\/wp-json\/wp\/v2\/media?parent=64298"}],"wp:term":[{"taxonomy":"product_brand","embeddable":true,"href":"https:\/\/ilmoliulampar.is\/en_gb\/wp-json\/wp\/v2\/product_brand?post=64298"},{"taxonomy":"product_cat","embeddable":true,"href":"https:\/\/ilmoliulampar.is\/en_gb\/wp-json\/wp\/v2\/product_cat?post=64298"},{"taxonomy":"product_tag","embeddable":true,"href":"https:\/\/ilmoliulampar.is\/en_gb\/wp-json\/wp\/v2\/product_tag?post=64298"}],"curies":[{"name":"wp","href":"https:\/\/api.w.org\/{rel}","templated":true}]}}