{"id":64498,"date":"2025-08-19T14:55:48","date_gmt":"2025-08-19T14:55:48","guid":{"rendered":"https:\/\/ilmoliulampar.is\/?post_type=product&#038;p=64498"},"modified":"2025-09-29T17:28:51","modified_gmt":"2025-09-29T17:28:51","slug":"xl-kertastjakar-2-staerdir","status":"publish","type":"product","link":"https:\/\/ilmoliulampar.is\/en_gb\/product\/xl-kertastjakar-2-staerdir\/","title":{"rendered":"XL Kertastjakar &#8211; 4 st\u00e6r\u00f0ir"},"content":{"rendered":"","protected":false},"excerpt":{"rendered":"<p>St\u00f3rir g\u00f3lf kertastjakar<br \/>\nKoma \u00ed \u00a0st\u00e6r\u00f0um<br \/>\n92 cm h\u00e1r &amp; 74 cm h\u00e1r<br \/>\n31 cm \u00e1 breidd<\/p>\n<p>Minni stjakarnir eru<br \/>\nSt\u00e6rri 50 cm \u00e1 h\u00e6\u00f0<br \/>\nMinni 46 cm \u00e1 h\u00e6\u00f0<br \/>\n16 cm \u00e1 breidd<\/p>\n<p>Matt svartir \u00far \u00e1li<br \/>\nBreidd fyrir kerti 11 cm<\/p>","protected":false},"featured_media":65113,"comment_status":"closed","ping_status":"closed","template":"","meta":[],"product_brand":[],"product_cat":[132,246],"product_tag":[],"class_list":{"0":"post-64498","1":"product","2":"type-product","3":"status-publish","4":"has-post-thumbnail","6":"product_cat-heimilid-2","7":"product_cat-kertastjakar","9":"first","10":"instock","11":"shipping-taxable","12":"purchasable","13":"product-type-variable"},"_links":{"self":[{"href":"https:\/\/ilmoliulampar.is\/en_gb\/wp-json\/wp\/v2\/product\/64498","targetHints":{"allow":["GET"]}}],"collection":[{"href":"https:\/\/ilmoliulampar.is\/en_gb\/wp-json\/wp\/v2\/product"}],"about":[{"href":"https:\/\/ilmoliulampar.is\/en_gb\/wp-json\/wp\/v2\/types\/product"}],"replies":[{"embeddable":true,"href":"https:\/\/ilmoliulampar.is\/en_gb\/wp-json\/wp\/v2\/comments?post=64498"}],"wp:featuredmedia":[{"embeddable":true,"href":"https:\/\/ilmoliulampar.is\/en_gb\/wp-json\/wp\/v2\/media\/65113"}],"wp:attachment":[{"href":"https:\/\/ilmoliulampar.is\/en_gb\/wp-json\/wp\/v2\/media?parent=64498"}],"wp:term":[{"taxonomy":"product_brand","embeddable":true,"href":"https:\/\/ilmoliulampar.is\/en_gb\/wp-json\/wp\/v2\/product_brand?post=64498"},{"taxonomy":"product_cat","embeddable":true,"href":"https:\/\/ilmoliulampar.is\/en_gb\/wp-json\/wp\/v2\/product_cat?post=64498"},{"taxonomy":"product_tag","embeddable":true,"href":"https:\/\/ilmoliulampar.is\/en_gb\/wp-json\/wp\/v2\/product_tag?post=64498"}],"curies":[{"name":"wp","href":"https:\/\/api.w.org\/{rel}","templated":true}]}}