{"id":64546,"date":"2025-08-22T11:42:47","date_gmt":"2025-08-22T11:42:47","guid":{"rendered":"https:\/\/ilmoliulampar.is\/?post_type=product&#038;p=64546"},"modified":"2026-01-30T17:17:44","modified_gmt":"2026-01-30T17:17:44","slug":"gyllt-andlit-101-cm","status":"publish","type":"product","link":"https:\/\/ilmoliulampar.is\/en_gb\/product\/gyllt-andlit-101-cm\/","title":{"rendered":"Gyllt andlit 101 cm"},"content":{"rendered":"","protected":false},"excerpt":{"rendered":"<p>\u00d3Tr\u00falega flott og veglegt gyllt andlit \u00e1 sv\u00f6rtum stall.<\/p>\n<p>H\u00e6\u00f0 101 cm<br \/>\nBreidd 37 cm<br \/>\n14 KG<\/p>","protected":false},"featured_media":64544,"comment_status":"closed","ping_status":"closed","template":"","meta":[],"product_brand":[],"product_cat":[132,251],"product_tag":[],"class_list":{"0":"post-64546","1":"product","2":"type-product","3":"status-publish","4":"has-post-thumbnail","6":"product_cat-heimilid-2","7":"product_cat-stytturogskulpturar","9":"first","10":"outofstock","11":"shipping-taxable","12":"purchasable","13":"product-type-simple"},"_links":{"self":[{"href":"https:\/\/ilmoliulampar.is\/en_gb\/wp-json\/wp\/v2\/product\/64546","targetHints":{"allow":["GET"]}}],"collection":[{"href":"https:\/\/ilmoliulampar.is\/en_gb\/wp-json\/wp\/v2\/product"}],"about":[{"href":"https:\/\/ilmoliulampar.is\/en_gb\/wp-json\/wp\/v2\/types\/product"}],"replies":[{"embeddable":true,"href":"https:\/\/ilmoliulampar.is\/en_gb\/wp-json\/wp\/v2\/comments?post=64546"}],"wp:featuredmedia":[{"embeddable":true,"href":"https:\/\/ilmoliulampar.is\/en_gb\/wp-json\/wp\/v2\/media\/64544"}],"wp:attachment":[{"href":"https:\/\/ilmoliulampar.is\/en_gb\/wp-json\/wp\/v2\/media?parent=64546"}],"wp:term":[{"taxonomy":"product_brand","embeddable":true,"href":"https:\/\/ilmoliulampar.is\/en_gb\/wp-json\/wp\/v2\/product_brand?post=64546"},{"taxonomy":"product_cat","embeddable":true,"href":"https:\/\/ilmoliulampar.is\/en_gb\/wp-json\/wp\/v2\/product_cat?post=64546"},{"taxonomy":"product_tag","embeddable":true,"href":"https:\/\/ilmoliulampar.is\/en_gb\/wp-json\/wp\/v2\/product_tag?post=64546"}],"curies":[{"name":"wp","href":"https:\/\/api.w.org\/{rel}","templated":true}]}}