{"id":64559,"date":"2025-08-25T12:37:34","date_gmt":"2025-08-25T12:37:34","guid":{"rendered":"https:\/\/ilmoliulampar.is\/?post_type=product&#038;p=64559"},"modified":"2025-09-15T16:41:28","modified_gmt":"2025-09-15T16:41:28","slug":"antik-gold-bord-spegill","status":"publish","type":"product","link":"https:\/\/ilmoliulampar.is\/en_gb\/product\/antik-gold-bord-spegill\/","title":{"rendered":"Ant\u00edk Gold bor\u00f0 spegill"},"content":{"rendered":"","protected":false},"excerpt":{"rendered":"<p>\u00d3tr\u00falega flottur ant\u00edk bor\u00f0 spegill<\/p>\n<p>St\u00e6r\u00f0<br \/>\nH\u00e6\u00f0 38,5 cm<br \/>\nBreidd 40 cm<br \/>\nD\u00fdpt 3 cm<\/p>","protected":false},"featured_media":64560,"comment_status":"closed","ping_status":"closed","template":"","meta":[],"product_brand":[],"product_cat":[132,249],"product_tag":[],"class_list":{"0":"post-64559","1":"product","2":"type-product","3":"status-publish","4":"has-post-thumbnail","6":"product_cat-heimilid-2","7":"product_cat-speglar","9":"first","10":"instock","11":"shipping-taxable","12":"purchasable","13":"product-type-simple"},"_links":{"self":[{"href":"https:\/\/ilmoliulampar.is\/en_gb\/wp-json\/wp\/v2\/product\/64559","targetHints":{"allow":["GET"]}}],"collection":[{"href":"https:\/\/ilmoliulampar.is\/en_gb\/wp-json\/wp\/v2\/product"}],"about":[{"href":"https:\/\/ilmoliulampar.is\/en_gb\/wp-json\/wp\/v2\/types\/product"}],"replies":[{"embeddable":true,"href":"https:\/\/ilmoliulampar.is\/en_gb\/wp-json\/wp\/v2\/comments?post=64559"}],"wp:featuredmedia":[{"embeddable":true,"href":"https:\/\/ilmoliulampar.is\/en_gb\/wp-json\/wp\/v2\/media\/64560"}],"wp:attachment":[{"href":"https:\/\/ilmoliulampar.is\/en_gb\/wp-json\/wp\/v2\/media?parent=64559"}],"wp:term":[{"taxonomy":"product_brand","embeddable":true,"href":"https:\/\/ilmoliulampar.is\/en_gb\/wp-json\/wp\/v2\/product_brand?post=64559"},{"taxonomy":"product_cat","embeddable":true,"href":"https:\/\/ilmoliulampar.is\/en_gb\/wp-json\/wp\/v2\/product_cat?post=64559"},{"taxonomy":"product_tag","embeddable":true,"href":"https:\/\/ilmoliulampar.is\/en_gb\/wp-json\/wp\/v2\/product_tag?post=64559"}],"curies":[{"name":"wp","href":"https:\/\/api.w.org\/{rel}","templated":true}]}}