{"id":64563,"date":"2025-08-25T12:42:27","date_gmt":"2025-08-25T12:42:27","guid":{"rendered":"https:\/\/ilmoliulampar.is\/?post_type=product&#038;p=64563"},"modified":"2026-02-23T13:28:40","modified_gmt":"2026-02-23T13:28:40","slug":"antiqued-metal-drinks-trolley","status":"publish","type":"product","link":"https:\/\/ilmoliulampar.is\/en_gb\/product\/antiqued-metal-drinks-trolley\/","title":{"rendered":"ANTIQUED METAL DRINKS TROLLEY"},"content":{"rendered":"","protected":false},"excerpt":{"rendered":"<p>\u00d3tr\u00falega flott ant\u00edk hilla \u00e1 hj\u00f3lum me\u00f0 gylltum deateilum<br \/>\nH\u00e6\u00f0 91 cm<br \/>\nBreidd 44 cm<br \/>\n7 kg<\/p>","protected":false},"featured_media":64566,"comment_status":"closed","ping_status":"closed","template":"","meta":[],"product_brand":[],"product_cat":[247,132],"product_tag":[],"class_list":{"0":"post-64563","1":"product","2":"type-product","3":"status-publish","4":"has-post-thumbnail","6":"product_cat-bord","7":"product_cat-heimilid-2","9":"first","10":"outofstock","11":"shipping-taxable","12":"purchasable","13":"product-type-simple"},"_links":{"self":[{"href":"https:\/\/ilmoliulampar.is\/en_gb\/wp-json\/wp\/v2\/product\/64563","targetHints":{"allow":["GET"]}}],"collection":[{"href":"https:\/\/ilmoliulampar.is\/en_gb\/wp-json\/wp\/v2\/product"}],"about":[{"href":"https:\/\/ilmoliulampar.is\/en_gb\/wp-json\/wp\/v2\/types\/product"}],"replies":[{"embeddable":true,"href":"https:\/\/ilmoliulampar.is\/en_gb\/wp-json\/wp\/v2\/comments?post=64563"}],"wp:featuredmedia":[{"embeddable":true,"href":"https:\/\/ilmoliulampar.is\/en_gb\/wp-json\/wp\/v2\/media\/64566"}],"wp:attachment":[{"href":"https:\/\/ilmoliulampar.is\/en_gb\/wp-json\/wp\/v2\/media?parent=64563"}],"wp:term":[{"taxonomy":"product_brand","embeddable":true,"href":"https:\/\/ilmoliulampar.is\/en_gb\/wp-json\/wp\/v2\/product_brand?post=64563"},{"taxonomy":"product_cat","embeddable":true,"href":"https:\/\/ilmoliulampar.is\/en_gb\/wp-json\/wp\/v2\/product_cat?post=64563"},{"taxonomy":"product_tag","embeddable":true,"href":"https:\/\/ilmoliulampar.is\/en_gb\/wp-json\/wp\/v2\/product_tag?post=64563"}],"curies":[{"name":"wp","href":"https:\/\/api.w.org\/{rel}","templated":true}]}}