{"id":64568,"date":"2025-08-25T12:45:09","date_gmt":"2025-08-25T12:45:09","guid":{"rendered":"https:\/\/ilmoliulampar.is\/?post_type=product&#038;p=64568"},"modified":"2025-09-15T16:28:54","modified_gmt":"2025-09-15T16:28:54","slug":"brushed-antique-silver-kensington-wall-clock","status":"publish","type":"product","link":"https:\/\/ilmoliulampar.is\/en_gb\/product\/brushed-antique-silver-kensington-wall-clock\/","title":{"rendered":"BRUSHED ANTIQUE SILVER KENSINGTON WALL CLOCK"},"content":{"rendered":"","protected":false},"excerpt":{"rendered":"<p>\u00d3tr\u00falega flott klukka, klukkuverki\u00f0 hreyfist<br \/>\n\u00deverm\u00e1l 54 cm<br \/>\nd\u00fdpt 8 cm<\/p>","protected":false},"featured_media":64569,"comment_status":"closed","ping_status":"closed","template":"","meta":[],"product_brand":[],"product_cat":[132,275],"product_tag":[],"class_list":{"0":"post-64568","1":"product","2":"type-product","3":"status-publish","4":"has-post-thumbnail","6":"product_cat-heimilid-2","7":"product_cat-klukkur","9":"first","10":"instock","11":"shipping-taxable","12":"purchasable","13":"product-type-simple"},"_links":{"self":[{"href":"https:\/\/ilmoliulampar.is\/en_gb\/wp-json\/wp\/v2\/product\/64568","targetHints":{"allow":["GET"]}}],"collection":[{"href":"https:\/\/ilmoliulampar.is\/en_gb\/wp-json\/wp\/v2\/product"}],"about":[{"href":"https:\/\/ilmoliulampar.is\/en_gb\/wp-json\/wp\/v2\/types\/product"}],"replies":[{"embeddable":true,"href":"https:\/\/ilmoliulampar.is\/en_gb\/wp-json\/wp\/v2\/comments?post=64568"}],"wp:featuredmedia":[{"embeddable":true,"href":"https:\/\/ilmoliulampar.is\/en_gb\/wp-json\/wp\/v2\/media\/64569"}],"wp:attachment":[{"href":"https:\/\/ilmoliulampar.is\/en_gb\/wp-json\/wp\/v2\/media?parent=64568"}],"wp:term":[{"taxonomy":"product_brand","embeddable":true,"href":"https:\/\/ilmoliulampar.is\/en_gb\/wp-json\/wp\/v2\/product_brand?post=64568"},{"taxonomy":"product_cat","embeddable":true,"href":"https:\/\/ilmoliulampar.is\/en_gb\/wp-json\/wp\/v2\/product_cat?post=64568"},{"taxonomy":"product_tag","embeddable":true,"href":"https:\/\/ilmoliulampar.is\/en_gb\/wp-json\/wp\/v2\/product_tag?post=64568"}],"curies":[{"name":"wp","href":"https:\/\/api.w.org\/{rel}","templated":true}]}}