{"id":64593,"date":"2025-08-25T13:54:01","date_gmt":"2025-08-25T13:54:01","guid":{"rendered":"https:\/\/ilmoliulampar.is\/?post_type=product&#038;p=64593"},"modified":"2025-09-15T16:45:16","modified_gmt":"2025-09-15T16:45:16","slug":"gylltur-skapur","status":"publish","type":"product","link":"https:\/\/ilmoliulampar.is\/en_gb\/product\/gylltur-skapur\/","title":{"rendered":"Gylltur sk\u00e1pur"},"content":{"rendered":"","protected":false},"excerpt":{"rendered":"<p>\u00d3tr\u00falega flottur gylltur sk\u00e1pur<br \/>\nH\u00e6\u00f0 100 cm<br \/>\nBreidd 85 cm<br \/>\nD\u00fdpt 33 cm<\/p>\n<p>Sk\u00e1purinn er \u00far gullh\u00fa\u00f0u\u00f0um m\u00e1lmi.<br \/>\n\u00deyngd 15Kg<\/p>","protected":false},"featured_media":64594,"comment_status":"closed","ping_status":"closed","template":"","meta":[],"product_brand":[],"product_cat":[132],"product_tag":[],"class_list":{"0":"post-64593","1":"product","2":"type-product","3":"status-publish","4":"has-post-thumbnail","6":"product_cat-heimilid-2","8":"first","9":"instock","10":"shipping-taxable","11":"purchasable","12":"product-type-simple"},"_links":{"self":[{"href":"https:\/\/ilmoliulampar.is\/en_gb\/wp-json\/wp\/v2\/product\/64593","targetHints":{"allow":["GET"]}}],"collection":[{"href":"https:\/\/ilmoliulampar.is\/en_gb\/wp-json\/wp\/v2\/product"}],"about":[{"href":"https:\/\/ilmoliulampar.is\/en_gb\/wp-json\/wp\/v2\/types\/product"}],"replies":[{"embeddable":true,"href":"https:\/\/ilmoliulampar.is\/en_gb\/wp-json\/wp\/v2\/comments?post=64593"}],"wp:featuredmedia":[{"embeddable":true,"href":"https:\/\/ilmoliulampar.is\/en_gb\/wp-json\/wp\/v2\/media\/64594"}],"wp:attachment":[{"href":"https:\/\/ilmoliulampar.is\/en_gb\/wp-json\/wp\/v2\/media?parent=64593"}],"wp:term":[{"taxonomy":"product_brand","embeddable":true,"href":"https:\/\/ilmoliulampar.is\/en_gb\/wp-json\/wp\/v2\/product_brand?post=64593"},{"taxonomy":"product_cat","embeddable":true,"href":"https:\/\/ilmoliulampar.is\/en_gb\/wp-json\/wp\/v2\/product_cat?post=64593"},{"taxonomy":"product_tag","embeddable":true,"href":"https:\/\/ilmoliulampar.is\/en_gb\/wp-json\/wp\/v2\/product_tag?post=64593"}],"curies":[{"name":"wp","href":"https:\/\/api.w.org\/{rel}","templated":true}]}}