{"id":64610,"date":"2025-08-25T14:35:06","date_gmt":"2025-08-25T14:35:06","guid":{"rendered":"https:\/\/ilmoliulampar.is\/?post_type=product&#038;p=64610"},"modified":"2025-09-15T13:27:41","modified_gmt":"2025-09-15T13:27:41","slug":"rustic-bronz-ljon-med-gyllta-koronu","status":"publish","type":"product","link":"https:\/\/ilmoliulampar.is\/en_gb\/product\/rustic-bronz-ljon-med-gyllta-koronu\/","title":{"rendered":"Rustic Bronz lj\u00f3n me\u00f0 gyllta k\u00f3r\u00f3nu"},"content":{"rendered":"","protected":false},"excerpt":{"rendered":"<p>\u00d3tr\u00falega flott og vanda\u00f0 lj\u00f3n me\u00f0 gyllta k\u00f3r\u00f3nu<\/p>\n<p>St\u00e6r\u00f0<br \/>\nH\u00e6\u00f0 60 cm<br \/>\nBreidd 22 cm<br \/>\nD\u00fdpt 30 cm<\/p>","protected":false},"featured_media":64611,"comment_status":"closed","ping_status":"closed","template":"","meta":[],"product_brand":[],"product_cat":[132,251],"product_tag":[],"class_list":{"0":"post-64610","1":"product","2":"type-product","3":"status-publish","4":"has-post-thumbnail","6":"product_cat-heimilid-2","7":"product_cat-stytturogskulpturar","9":"first","10":"instock","11":"shipping-taxable","12":"purchasable","13":"product-type-simple"},"_links":{"self":[{"href":"https:\/\/ilmoliulampar.is\/en_gb\/wp-json\/wp\/v2\/product\/64610","targetHints":{"allow":["GET"]}}],"collection":[{"href":"https:\/\/ilmoliulampar.is\/en_gb\/wp-json\/wp\/v2\/product"}],"about":[{"href":"https:\/\/ilmoliulampar.is\/en_gb\/wp-json\/wp\/v2\/types\/product"}],"replies":[{"embeddable":true,"href":"https:\/\/ilmoliulampar.is\/en_gb\/wp-json\/wp\/v2\/comments?post=64610"}],"wp:featuredmedia":[{"embeddable":true,"href":"https:\/\/ilmoliulampar.is\/en_gb\/wp-json\/wp\/v2\/media\/64611"}],"wp:attachment":[{"href":"https:\/\/ilmoliulampar.is\/en_gb\/wp-json\/wp\/v2\/media?parent=64610"}],"wp:term":[{"taxonomy":"product_brand","embeddable":true,"href":"https:\/\/ilmoliulampar.is\/en_gb\/wp-json\/wp\/v2\/product_brand?post=64610"},{"taxonomy":"product_cat","embeddable":true,"href":"https:\/\/ilmoliulampar.is\/en_gb\/wp-json\/wp\/v2\/product_cat?post=64610"},{"taxonomy":"product_tag","embeddable":true,"href":"https:\/\/ilmoliulampar.is\/en_gb\/wp-json\/wp\/v2\/product_tag?post=64610"}],"curies":[{"name":"wp","href":"https:\/\/api.w.org\/{rel}","templated":true}]}}