{"id":64619,"date":"2025-08-25T15:32:41","date_gmt":"2025-08-25T15:32:41","guid":{"rendered":"https:\/\/ilmoliulampar.is\/?post_type=product&#038;p=64619"},"modified":"2026-01-29T17:01:29","modified_gmt":"2026-01-29T17:01:29","slug":"bleikur-pudlu-hundur-med-bakka","status":"publish","type":"product","link":"https:\/\/ilmoliulampar.is\/en_gb\/product\/bleikur-pudlu-hundur-med-bakka\/","title":{"rendered":"P\u00fa\u00f0lu hundur me\u00f0 bakka"},"content":{"rendered":"","protected":false},"excerpt":{"rendered":"<p>\u00d3tr\u00falega s\u00e6tur bleikur p\u00fa\u00f0luhundur, me\u00f0 gylltan bakka.<\/p>\n<p>St\u00e6r\u00f0<br \/>\nH\u00e6\u00f0: 24 cm<br \/>\nBreidd:\u00a0 21 cm<\/p>","protected":false},"featured_media":64623,"comment_status":"closed","ping_status":"closed","template":"","meta":[],"product_brand":[],"product_cat":[248,255,132,251],"product_tag":[],"class_list":{"0":"post-64619","1":"product","2":"type-product","3":"status-publish","4":"has-post-thumbnail","6":"product_cat-bakkarogglasamottur","7":"product_cat-bordbunadur","8":"product_cat-heimilid-2","9":"product_cat-stytturogskulpturar","11":"first","12":"instock","13":"shipping-taxable","14":"purchasable","15":"product-type-simple"},"_links":{"self":[{"href":"https:\/\/ilmoliulampar.is\/en_gb\/wp-json\/wp\/v2\/product\/64619","targetHints":{"allow":["GET"]}}],"collection":[{"href":"https:\/\/ilmoliulampar.is\/en_gb\/wp-json\/wp\/v2\/product"}],"about":[{"href":"https:\/\/ilmoliulampar.is\/en_gb\/wp-json\/wp\/v2\/types\/product"}],"replies":[{"embeddable":true,"href":"https:\/\/ilmoliulampar.is\/en_gb\/wp-json\/wp\/v2\/comments?post=64619"}],"wp:featuredmedia":[{"embeddable":true,"href":"https:\/\/ilmoliulampar.is\/en_gb\/wp-json\/wp\/v2\/media\/64623"}],"wp:attachment":[{"href":"https:\/\/ilmoliulampar.is\/en_gb\/wp-json\/wp\/v2\/media?parent=64619"}],"wp:term":[{"taxonomy":"product_brand","embeddable":true,"href":"https:\/\/ilmoliulampar.is\/en_gb\/wp-json\/wp\/v2\/product_brand?post=64619"},{"taxonomy":"product_cat","embeddable":true,"href":"https:\/\/ilmoliulampar.is\/en_gb\/wp-json\/wp\/v2\/product_cat?post=64619"},{"taxonomy":"product_tag","embeddable":true,"href":"https:\/\/ilmoliulampar.is\/en_gb\/wp-json\/wp\/v2\/product_tag?post=64619"}],"curies":[{"name":"wp","href":"https:\/\/api.w.org\/{rel}","templated":true}]}}